{"id":77,"date":"2026-01-07T09:38:56","date_gmt":"2026-01-07T09:38:56","guid":{"rendered":"https:\/\/schuetzenverein-buch.de\/?page_id=77"},"modified":"2026-03-19T12:44:59","modified_gmt":"2026-03-19T12:44:59","slug":"sportschiessen","status":"publish","type":"page","link":"https:\/\/schuetzenverein-buch.de\/?page_id=77","title":{"rendered":"Sportschiessen"},"content":{"rendered":"\t\t<div data-elementor-type=\"wp-page\" data-elementor-id=\"77\" class=\"elementor elementor-77\">\n\t\t\t\t<div class=\"elementor-element elementor-element-6d3f96a e-flex e-con-boxed wpr-particle-no wpr-jarallax-no wpr-parallax-no wpr-sticky-section-no wpr-equal-height-no e-con e-parent\" data-id=\"6d3f96a\" data-element_type=\"container\" data-e-type=\"container\">\n\t\t\t\t\t<div class=\"e-con-inner\">\n\t\t<div class=\"elementor-element elementor-element-ec11a8a e-con-full e-flex wpr-particle-no wpr-jarallax-no wpr-parallax-no wpr-sticky-section-no wpr-equal-height-no e-con e-child\" data-id=\"ec11a8a\" data-element_type=\"container\" data-e-type=\"container\">\n\t\t<div class=\"elementor-element elementor-element-c466410 e-con-full e-flex wpr-particle-no wpr-jarallax-no wpr-parallax-no wpr-sticky-section-no wpr-equal-height-no e-con e-child\" data-id=\"c466410\" data-element_type=\"container\" data-e-type=\"container\">\n\t\t\t\t<div class=\"elementor-element elementor-element-7d31831 elementor-widget elementor-widget-text-editor\" data-id=\"7d31831\" data-element_type=\"widget\" data-e-type=\"widget\" data-widget_type=\"text-editor.default\">\n\t\t\t\t\t\t\t\t\t<p>Zu den Mannschaften:<\/p>\t\t\t\t\t\t\t\t<\/div>\n\t\t\t\t<div class=\"elementor-element elementor-element-2c1a0dc elementor-widget elementor-widget-sidebar\" data-id=\"2c1a0dc\" data-element_type=\"widget\" data-e-type=\"widget\" data-widget_type=\"sidebar.default\">\n\t\t\t\t\t<div id=\"ocean_custom_menu-5\" class=\"sidebar-box widget-oceanwp-custom-menu custom-menu-widget clr\"><style type=\"text\/css\">.ocean_custom_menu-5 > ul > li > a, .custom-menu-widget .ocean_custom_menu-5 .dropdown-menu .sub-menu li a.menu-link{font-size:12px;line-height:15px;}.custom-menu-widget .ocean_custom_menu-5.oceanwp-custom-menu > ul.click-menu .open-this{font-size:12px;}.ocean_custom_menu-5 > ul > li > a:hover, .custom-menu-widget .ocean_custom_menu-5 .dropdown-menu .sub-menu li a.menu-link:hover{color:#81d742;}.custom-menu-widget .ocean_custom_menu-5.oceanwp-custom-menu > ul.click-menu .open-this:hover{color:#81d742;}<\/style><div class=\"oceanwp-custom-menu clr ocean_custom_menu-5 left dropdown-hover\"><ul id=\"menu-sportschiessen\" class=\"dropdown-menu sf-menu\"><li  id=\"menu-item-784\" class=\"menu-item menu-item-type-post_type menu-item-object-page menu-item-784\"><a href=\"https:\/\/schuetzenverein-buch.de\/?page_id=695\" class=\"menu-link\">LG1<\/a><\/li>\n<li  id=\"menu-item-785\" class=\"menu-item menu-item-type-post_type menu-item-object-page menu-item-785\"><a href=\"https:\/\/schuetzenverein-buch.de\/?page_id=261\" class=\"menu-link\">LG2<\/a><\/li>\n<li  id=\"menu-item-786\" class=\"menu-item menu-item-type-post_type menu-item-object-page menu-item-786\"><a href=\"https:\/\/schuetzenverein-buch.de\/?page_id=263\" class=\"menu-link\">LG3<\/a><\/li>\n<li  id=\"menu-item-787\" class=\"menu-item menu-item-type-post_type menu-item-object-page menu-item-787\"><a href=\"https:\/\/schuetzenverein-buch.de\/?page_id=265\" class=\"menu-link\">LG4<\/a><\/li>\n<li  id=\"menu-item-788\" class=\"menu-item menu-item-type-post_type menu-item-object-page menu-item-788\"><a href=\"https:\/\/schuetzenverein-buch.de\/?page_id=267\" class=\"menu-link\">LG5<\/a><\/li>\n<li  id=\"menu-item-789\" class=\"menu-item menu-item-type-post_type menu-item-object-page menu-item-789\"><a href=\"https:\/\/schuetzenverein-buch.de\/?page_id=269\" class=\"menu-link\">LG6<\/a><\/li>\n<li  id=\"menu-item-790\" class=\"menu-item menu-item-type-post_type menu-item-object-page menu-item-790\"><a href=\"https:\/\/schuetzenverein-buch.de\/?page_id=560\" class=\"menu-link\">KK1<\/a><\/li>\n<li  id=\"menu-item-791\" class=\"menu-item menu-item-type-post_type menu-item-object-page menu-item-791\"><a href=\"https:\/\/schuetzenverein-buch.de\/?page_id=562\" class=\"menu-link\">KK2<\/a><\/li>\n<li  id=\"menu-item-792\" class=\"menu-item menu-item-type-post_type menu-item-object-page menu-item-792\"><a href=\"https:\/\/schuetzenverein-buch.de\/?page_id=701\" class=\"menu-link\">Senioren1<\/a><\/li>\n<li  id=\"menu-item-793\" class=\"menu-item menu-item-type-post_type menu-item-object-page menu-item-793\"><a href=\"https:\/\/schuetzenverein-buch.de\/?page_id=566\" class=\"menu-link\">Senioren2<\/a><\/li>\n<li  id=\"menu-item-794\" class=\"menu-item menu-item-type-post_type menu-item-object-page menu-item-794\"><a href=\"https:\/\/schuetzenverein-buch.de\/?page_id=568\" class=\"menu-link\">Jugend<\/a><\/li>\n<\/ul><\/div><\/div>\t\t\t\t<\/div>\n\t\t\t\t<\/div>\n\t\t\t\t<\/div>\n\t\t<div class=\"elementor-element elementor-element-d78bebc e-con-full e-flex wpr-particle-no wpr-jarallax-no wpr-parallax-no wpr-sticky-section-no wpr-equal-height-no e-con e-child\" data-id=\"d78bebc\" data-element_type=\"container\" data-e-type=\"container\">\n\t\t\t\t<div class=\"elementor-element elementor-element-f97fc98 elementor-widget elementor-widget-text-editor\" data-id=\"f97fc98\" data-element_type=\"widget\" data-e-type=\"widget\" data-widget_type=\"text-editor.default\">\n\t\t\t\t\t\t\t\t\t<p><strong>Trainingszeiten:<\/strong><\/p><p>Mittwochs von 17:30 Uhr bis 20:30 Uhr<\/p><p>\u00a0 <em>Jugend- und Anf\u00e4nger bis 19.00 Uhr<\/em><\/p><p>Freitags von 18:00 Uhr bis 22:00 Uhr<\/p><p><strong>Abteilungsleiterin:<\/strong><\/p><p>Schie\u00dfleiterin: Tina Madronitsch<\/p><p>schiessleiter(at)schuetzenverein-buch.de<\/p><p><strong>Schie\u00dfsportanlage:<\/strong><\/p><p>Voll-\u00dcberdachte Luftgewehranlage<\/p><p>Teil-\u00dcberdachte Kleinkaliber-Anlage<\/p><p>15 vollelektronische LG-Anlagen von Meyton<\/p><p>\u00a0 6 vollelektronische KK-Anlagen von Meyton<\/p><p>\u00a0 5 vollelektronische Zistu-Anlagen von Meyton<\/p><p>10 elektrische LG St\u00e4nde<\/p><p>\u00a0 2 elektrische Armbrust St\u00e4nde<\/p><p>\u00a0 3 Scatt-Anlagen, speziell f\u00fcr das Anf\u00e4ngertraining<\/p><p><strong>Interessante Links:<\/strong><\/p><p><a href=\"https:\/\/www.youtube.com\/@SVBuch\/streams\" target=\"_blank\" rel=\"noopener\">Live-Stream zu den Heimwettk\u00e4mpfen<\/a><\/p><p><a href=\"https:\/\/www.schuetzenkreis-aalen.de\/\" target=\"_blank\" rel=\"noopener\">Sch\u00fctzenkreis Aalen<\/a><\/p><p><a href=\"https:\/\/www.wsv1850.de\/\" target=\"_blank\" rel=\"noopener\">W\u00fcrttembergischer Sch\u00fctzenverband<\/a><\/p><p><a href=\"http:\/\/www.wsvligen.de\/\" target=\"_blank\" rel=\"noopener\">WSV-Ligen<\/a><\/p><p><a href=\"https:\/\/www.dsb.de\/aktuelles\" target=\"_blank\" rel=\"noopener\">Deutscher Sch\u00fctzenbund<\/a><\/p>\t\t\t\t\t\t\t\t<\/div>\n\t\t\t\t<\/div>\n\t\t<div class=\"elementor-element elementor-element-c23d7a7 e-con-full e-flex wpr-particle-no wpr-jarallax-no wpr-parallax-no wpr-sticky-section-no wpr-equal-height-no e-con e-child\" data-id=\"c23d7a7\" data-element_type=\"container\" data-e-type=\"container\">\n\t\t\t\t<div class=\"elementor-element elementor-element-98bc692 elementor-widget elementor-widget-image\" data-id=\"98bc692\" data-element_type=\"widget\" data-e-type=\"widget\" data-widget_type=\"image.default\">\n\t\t\t\t\t\t\t\t\t\t\t\t\t\t\t\t<a href=\"https:\/\/schuetzenverein-buch.de\/wp-content\/uploads\/2026\/01\/7-SVBuch_Gruppenbilder-007.jpg\" data-elementor-open-lightbox=\"yes\" data-elementor-lightbox-title=\"7 - SVBuch_Gruppenbilder-007\" data-e-action-hash=\"#elementor-action%3Aaction%3Dlightbox%26settings%3DeyJpZCI6NjMwLCJ1cmwiOiJodHRwczpcL1wvc2NodWV0emVudmVyZWluLWJ1Y2guZGVcL3dwLWNvbnRlbnRcL3VwbG9hZHNcLzIwMjZcLzAxXC83LVNWQnVjaF9HcnVwcGVuYmlsZGVyLTAwNy5qcGcifQ%3D%3D\">\n\t\t\t\t\t\t\t<img decoding=\"async\" src=\"https:\/\/schuetzenverein-buch.de\/wp-content\/uploads\/elementor\/thumbs\/7-SVBuch_Gruppenbilder-007-rhdb5uiqj5dbf4xzsrbv0kwl7ct5bx48up9i7nk83g.jpg\" title=\"7 &#8211; SVBuch_Gruppenbilder-007\" alt=\"7 - SVBuch_Gruppenbilder-007\" loading=\"lazy\" \/>\t\t\t\t\t\t\t\t<\/a>\n\t\t\t\t\t\t\t\t\t\t\t\t\t\t\t<\/div>\n\t\t\t\t<\/div>\n\t\t\t\t\t<\/div>\n\t\t\t\t<\/div>\n\t\t\t\t<\/div>\n\t\t","protected":false},"excerpt":{"rendered":"<p>Zu den Mannschaften: Trainingszeiten: Mittwochs von 17:30 Uhr bis 20:30 Uhr \u00a0 Jugend- und Anf\u00e4nger bis 19.00 Uhr Freitags von 18:00 Uhr bis 22:00 Uhr Abteilungsleiterin: Schie\u00dfleiterin: Tina Madronitsch schiessleiter(at)schuetzenverein-buch.de Schie\u00dfsportanlage: Voll-\u00dcberdachte Luftgewehranlage Teil-\u00dcberdachte Kleinkaliber-Anlage 15 vollelektronische LG-Anlagen von Meyton \u00a0 6 vollelektronische KK-Anlagen von Meyton \u00a0 5 vollelektronische Zistu-Anlagen von Meyton 10 elektrische LG St\u00e4nde \u00a0 2 elektrische Armbrust St\u00e4nde \u00a0 3 Scatt-Anlagen, speziell f\u00fcr das Anf\u00e4ngertraining Interessante Links: Live-Stream zu den Heimwettk\u00e4mpfen Sch\u00fctzenkreis Aalen W\u00fcrttembergischer Sch\u00fctzenverband WSV-Ligen Deutscher Sch\u00fctzenbund<\/p>\n","protected":false},"author":1,"featured_media":0,"parent":28,"menu_order":1,"comment_status":"closed","ping_status":"closed","template":"","meta":{"_crdt_document":"","pgc_sgb_lightbox_settings":"","ocean_post_layout":"","ocean_both_sidebars_style":"","ocean_both_sidebars_content_width":0,"ocean_both_sidebars_sidebars_width":0,"ocean_sidebar":"0","ocean_second_sidebar":"0","ocean_disable_margins":"enable","ocean_add_body_class":"","ocean_shortcode_before_top_bar":"","ocean_shortcode_after_top_bar":"","ocean_shortcode_before_header":"","ocean_shortcode_after_header":"","ocean_has_shortcode":"","ocean_shortcode_after_title":"","ocean_shortcode_before_footer_widgets":"","ocean_shortcode_after_footer_widgets":"","ocean_shortcode_before_footer_bottom":"","ocean_shortcode_after_footer_bottom":"","ocean_display_top_bar":"default","ocean_display_header":"default","ocean_header_style":"","ocean_center_header_left_menu":"0","ocean_custom_header_template":"0","ocean_custom_logo":0,"ocean_custom_retina_logo":0,"ocean_custom_logo_max_width":0,"ocean_custom_logo_tablet_max_width":0,"ocean_custom_logo_mobile_max_width":0,"ocean_custom_logo_max_height":0,"ocean_custom_logo_tablet_max_height":0,"ocean_custom_logo_mobile_max_height":0,"ocean_header_custom_menu":"0","ocean_menu_typo_font_family":"0","ocean_menu_typo_font_subset":"","ocean_menu_typo_font_size":0,"ocean_menu_typo_font_size_tablet":0,"ocean_menu_typo_font_size_mobile":0,"ocean_menu_typo_font_size_unit":"px","ocean_menu_typo_font_weight":"","ocean_menu_typo_font_weight_tablet":"","ocean_menu_typo_font_weight_mobile":"","ocean_menu_typo_transform":"","ocean_menu_typo_transform_tablet":"","ocean_menu_typo_transform_mobile":"","ocean_menu_typo_line_height":0,"ocean_menu_typo_line_height_tablet":0,"ocean_menu_typo_line_height_mobile":0,"ocean_menu_typo_line_height_unit":"","ocean_menu_typo_spacing":0,"ocean_menu_typo_spacing_tablet":0,"ocean_menu_typo_spacing_mobile":0,"ocean_menu_typo_spacing_unit":"","ocean_menu_link_color":"","ocean_menu_link_color_hover":"","ocean_menu_link_color_active":"","ocean_menu_link_background":"","ocean_menu_link_hover_background":"","ocean_menu_link_active_background":"","ocean_menu_social_links_bg":"","ocean_menu_social_hover_links_bg":"","ocean_menu_social_links_color":"","ocean_menu_social_hover_links_color":"","ocean_disable_title":"default","ocean_disable_heading":"default","ocean_post_title":"","ocean_post_subheading":"","ocean_post_title_style":"","ocean_post_title_background_color":"","ocean_post_title_background":0,"ocean_post_title_bg_image_position":"","ocean_post_title_bg_image_attachment":"","ocean_post_title_bg_image_repeat":"","ocean_post_title_bg_image_size":"","ocean_post_title_height":0,"ocean_post_title_bg_overlay":0.5,"ocean_post_title_bg_overlay_color":"","ocean_disable_breadcrumbs":"default","ocean_breadcrumbs_color":"","ocean_breadcrumbs_separator_color":"","ocean_breadcrumbs_links_color":"","ocean_breadcrumbs_links_hover_color":"","ocean_display_footer_widgets":"default","ocean_display_footer_bottom":"default","ocean_custom_footer_template":"0","footnotes":""},"class_list":["post-77","page","type-page","status-publish","hentry","entry"],"_links":{"self":[{"href":"https:\/\/schuetzenverein-buch.de\/index.php?rest_route=\/wp\/v2\/pages\/77","targetHints":{"allow":["GET"]}}],"collection":[{"href":"https:\/\/schuetzenverein-buch.de\/index.php?rest_route=\/wp\/v2\/pages"}],"about":[{"href":"https:\/\/schuetzenverein-buch.de\/index.php?rest_route=\/wp\/v2\/types\/page"}],"author":[{"embeddable":true,"href":"https:\/\/schuetzenverein-buch.de\/index.php?rest_route=\/wp\/v2\/users\/1"}],"replies":[{"embeddable":true,"href":"https:\/\/schuetzenverein-buch.de\/index.php?rest_route=%2Fwp%2Fv2%2Fcomments&post=77"}],"version-history":[{"count":3,"href":"https:\/\/schuetzenverein-buch.de\/index.php?rest_route=\/wp\/v2\/pages\/77\/revisions"}],"predecessor-version":[{"id":4213,"href":"https:\/\/schuetzenverein-buch.de\/index.php?rest_route=\/wp\/v2\/pages\/77\/revisions\/4213"}],"up":[{"embeddable":true,"href":"https:\/\/schuetzenverein-buch.de\/index.php?rest_route=\/wp\/v2\/pages\/28"}],"wp:attachment":[{"href":"https:\/\/schuetzenverein-buch.de\/index.php?rest_route=%2Fwp%2Fv2%2Fmedia&parent=77"}],"curies":[{"name":"wp","href":"https:\/\/api.w.org\/{rel}","templated":true}]}}