{"id":67,"date":"2026-01-07T09:19:03","date_gmt":"2026-01-07T09:19:03","guid":{"rendered":"https:\/\/schuetzenverein-buch.de\/?page_id=67"},"modified":"2026-01-08T06:22:55","modified_gmt":"2026-01-08T06:22:55","slug":"ueber-uns","status":"publish","type":"page","link":"https:\/\/schuetzenverein-buch.de\/?page_id=67","title":{"rendered":"\u00dcber uns"},"content":{"rendered":"\t\t<div data-elementor-type=\"wp-page\" data-elementor-id=\"67\" class=\"elementor elementor-67\">\n\t\t\t\t<div class=\"elementor-element elementor-element-6154d64 e-con-full e-flex wpr-particle-no wpr-jarallax-no wpr-parallax-no wpr-sticky-section-no wpr-equal-height-no e-con e-parent\" data-id=\"6154d64\" data-element_type=\"container\" data-e-type=\"container\">\n\t\t\t\t<div class=\"elementor-element elementor-element-307be7d elementor-widget elementor-widget-text-editor\" data-id=\"307be7d\" data-element_type=\"widget\" data-e-type=\"widget\" data-widget_type=\"text-editor.default\">\n\t\t\t\t\t\t\t\t\t<p>Hier finden Sie ein paar allgemeine Informationen \u00fcber den Sch\u00fctzenverein Buch.<\/p><p>Der Verein wurde im Jahre 1925 gegr\u00fcndet und hat 2025 sein 100-j\u00e4hriges Vereinsbestehen gro\u00df gefeiert. Aktuell hat der Verein ca. 430 Mitglieder. Aber wir sind weit mehr, als es der Vereinsname vermuten l\u00e4sst. Neben dem Sportschie\u00dfen (2017-2020 1. Bundesliga; aktuell 2. Bundesliga) haben wir auch ein gro\u00dfes Breitensport- und Freizeitangebot. Die aktiven Mitglieder sind verteilt auf die Gruppen Schie\u00dfsport, Show-Tanz, Fitness, Selbstverteidigung und Theater.<\/p><p>Die zwei Multi-Funktionshallen bieten hierzu reichlich Platz f\u00fcr das vielf\u00e4ltige Sportangebot. Die erforderlichen Sportger\u00e4te sind zum gr\u00f6\u00dften Teil bereits im Vereinsheim vorhanden und k\u00f6nnen im Rahmen des j\u00e4hrlichen Mitgliedsbeitrages kostenfrei genutzt werden. Ob B\u00e4lle, Matten, Stepper, Gewichte, Schwingst\u00e4be, Sprossenwand, K\u00e4sten, Trampolin, Turnb\u00e4nke&#8230; alles ist f\u00fcr unsere Mitglieder vorhanden und der Bestand wird regelm\u00e4\u00dfig erweitert und erneuert.<\/p><p>F\u00fcr den\u00a0<a href=\"https:\/\/schuetzenverein-buch.de\/?page_id=77\" target=\"_blank\" rel=\"noopener\">Schie\u00dfsport<\/a>\u00a0bietet unser Verein:<\/p><p>Voll-\u00dcberdachte 10m Luftgewehr-Anlage<\/p><p>Teil-\u00dcberdachte 50m Kleinkaliber-Anlage<br \/>Voll-\u00dcberdachte 15m Zimmerstutzen-Anlage<\/p><p>15 vollelektronische LG-Anlagen von\u00a0<a href=\"https:\/\/meyton.info\/\" target=\"_blank\" rel=\"noopener\">Meyton<\/a><\/p><p>\u00a0 6 vollelektronische KK-Anlagen von\u00a0<a href=\"https:\/\/meyton.info\/\" target=\"_blank\" rel=\"noopener\">Meyton<\/a><br \/>\u00a0 5 vollelektronische Zistu-Anlagen von\u00a0<a href=\"https:\/\/meyton.info\/\" target=\"_blank\" rel=\"noopener\">Meyton<\/a><\/p><p>10 elektrische LG St\u00e4nde<\/p><p>\u00a0 2 elektrische Armbrust St\u00e4nde<\/p><p>\u00a0 3 Simulationsanlagen<br \/>\u00a0 3 Lichtgewehre f\u00fcr Kinder unter zw\u00f6lf Jahren<\/p><p>\u00a0 4 LG Fallscheiben-Anlagen (Biathlon)\u00a0<\/p><p>Dar\u00fcber hinaus stellen wir f\u00fcr alle Anf\u00e4nger und Einsteiger Vereinsgewehre und auch Schie\u00dfsportausr\u00fcstung kostenlos zur Verf\u00fcgung.<\/p>\t\t\t\t\t\t\t\t<\/div>\n\t\t\t\t<\/div>\n\t\t\t\t<\/div>\n\t\t","protected":false},"excerpt":{"rendered":"<p>Hier finden Sie ein paar allgemeine Informationen \u00fcber den Sch\u00fctzenverein Buch. Der Verein wurde im Jahre 1925 gegr\u00fcndet und hat 2025 sein 100-j\u00e4hriges Vereinsbestehen gro\u00df gefeiert. Aktuell hat der Verein ca. 430 Mitglieder. Aber wir sind weit mehr, als es der Vereinsname vermuten l\u00e4sst. Neben dem Sportschie\u00dfen (2017-2020 1. Bundesliga; aktuell 2. Bundesliga) haben wir auch ein gro\u00dfes Breitensport- und Freizeitangebot. Die aktiven Mitglieder sind verteilt auf die Gruppen Schie\u00dfsport, Show-Tanz, Fitness, Selbstverteidigung und Theater. Die zwei Multi-Funktionshallen bieten hierzu reichlich Platz f\u00fcr das vielf\u00e4ltige Sportangebot. Die erforderlichen Sportger\u00e4te sind zum gr\u00f6\u00dften Teil bereits im Vereinsheim vorhanden und k\u00f6nnen im Rahmen des j\u00e4hrlichen Mitgliedsbeitrages kostenfrei genutzt werden. Ob B\u00e4lle, Matten, Stepper, Gewichte, Schwingst\u00e4be, Sprossenwand, K\u00e4sten, Trampolin, Turnb\u00e4nke&#8230; alles ist f\u00fcr unsere Mitglieder vorhanden und der Bestand wird regelm\u00e4\u00dfig erweitert und erneuert. F\u00fcr den\u00a0Schie\u00dfsport\u00a0bietet unser Verein: Voll-\u00dcberdachte 10m Luftgewehr-Anlage Teil-\u00dcberdachte 50m Kleinkaliber-AnlageVoll-\u00dcberdachte 15m Zimmerstutzen-Anlage 15 vollelektronische LG-Anlagen von\u00a0Meyton \u00a0 6 vollelektronische KK-Anlagen von\u00a0Meyton\u00a0 5 vollelektronische Zistu-Anlagen von\u00a0Meyton 10 elektrische LG St\u00e4nde \u00a0 2 elektrische Armbrust St\u00e4nde \u00a0 3 Simulationsanlagen\u00a0 3 Lichtgewehre f\u00fcr Kinder unter zw\u00f6lf Jahren \u00a0 4 LG Fallscheiben-Anlagen (Biathlon)\u00a0 Dar\u00fcber hinaus stellen wir f\u00fcr alle Anf\u00e4nger und Einsteiger Vereinsgewehre und auch Schie\u00dfsportausr\u00fcstung kostenlos zur Verf\u00fcgung.<\/p>\n","protected":false},"author":1,"featured_media":0,"parent":305,"menu_order":1,"comment_status":"closed","ping_status":"closed","template":"","meta":{"_crdt_document":"","pgc_sgb_lightbox_settings":"","ocean_post_layout":"","ocean_both_sidebars_style":"","ocean_both_sidebars_content_width":0,"ocean_both_sidebars_sidebars_width":0,"ocean_sidebar":"0","ocean_second_sidebar":"0","ocean_disable_margins":"enable","ocean_add_body_class":"","ocean_shortcode_before_top_bar":"","ocean_shortcode_after_top_bar":"","ocean_shortcode_before_header":"","ocean_shortcode_after_header":"","ocean_has_shortcode":"","ocean_shortcode_after_title":"","ocean_shortcode_before_footer_widgets":"","ocean_shortcode_after_footer_widgets":"","ocean_shortcode_before_footer_bottom":"","ocean_shortcode_after_footer_bottom":"","ocean_display_top_bar":"default","ocean_display_header":"default","ocean_header_style":"","ocean_center_header_left_menu":"0","ocean_custom_header_template":"0","ocean_custom_logo":0,"ocean_custom_retina_logo":0,"ocean_custom_logo_max_width":0,"ocean_custom_logo_tablet_max_width":0,"ocean_custom_logo_mobile_max_width":0,"ocean_custom_logo_max_height":0,"ocean_custom_logo_tablet_max_height":0,"ocean_custom_logo_mobile_max_height":0,"ocean_header_custom_menu":"0","ocean_menu_typo_font_family":"0","ocean_menu_typo_font_subset":"","ocean_menu_typo_font_size":0,"ocean_menu_typo_font_size_tablet":0,"ocean_menu_typo_font_size_mobile":0,"ocean_menu_typo_font_size_unit":"px","ocean_menu_typo_font_weight":"","ocean_menu_typo_font_weight_tablet":"","ocean_menu_typo_font_weight_mobile":"","ocean_menu_typo_transform":"","ocean_menu_typo_transform_tablet":"","ocean_menu_typo_transform_mobile":"","ocean_menu_typo_line_height":0,"ocean_menu_typo_line_height_tablet":0,"ocean_menu_typo_line_height_mobile":0,"ocean_menu_typo_line_height_unit":"","ocean_menu_typo_spacing":0,"ocean_menu_typo_spacing_tablet":0,"ocean_menu_typo_spacing_mobile":0,"ocean_menu_typo_spacing_unit":"","ocean_menu_link_color":"","ocean_menu_link_color_hover":"","ocean_menu_link_color_active":"","ocean_menu_link_background":"","ocean_menu_link_hover_background":"","ocean_menu_link_active_background":"","ocean_menu_social_links_bg":"","ocean_menu_social_hover_links_bg":"","ocean_menu_social_links_color":"","ocean_menu_social_hover_links_color":"","ocean_disable_title":"default","ocean_disable_heading":"default","ocean_post_title":"","ocean_post_subheading":"","ocean_post_title_style":"","ocean_post_title_background_color":"","ocean_post_title_background":0,"ocean_post_title_bg_image_position":"","ocean_post_title_bg_image_attachment":"","ocean_post_title_bg_image_repeat":"","ocean_post_title_bg_image_size":"","ocean_post_title_height":0,"ocean_post_title_bg_overlay":0.5,"ocean_post_title_bg_overlay_color":"","ocean_disable_breadcrumbs":"default","ocean_breadcrumbs_color":"","ocean_breadcrumbs_separator_color":"","ocean_breadcrumbs_links_color":"","ocean_breadcrumbs_links_hover_color":"","ocean_display_footer_widgets":"default","ocean_display_footer_bottom":"default","ocean_custom_footer_template":"0","footnotes":""},"class_list":["post-67","page","type-page","status-publish","hentry","entry"],"_links":{"self":[{"href":"https:\/\/schuetzenverein-buch.de\/index.php?rest_route=\/wp\/v2\/pages\/67","targetHints":{"allow":["GET"]}}],"collection":[{"href":"https:\/\/schuetzenverein-buch.de\/index.php?rest_route=\/wp\/v2\/pages"}],"about":[{"href":"https:\/\/schuetzenverein-buch.de\/index.php?rest_route=\/wp\/v2\/types\/page"}],"author":[{"embeddable":true,"href":"https:\/\/schuetzenverein-buch.de\/index.php?rest_route=\/wp\/v2\/users\/1"}],"replies":[{"embeddable":true,"href":"https:\/\/schuetzenverein-buch.de\/index.php?rest_route=%2Fwp%2Fv2%2Fcomments&post=67"}],"version-history":[{"count":0,"href":"https:\/\/schuetzenverein-buch.de\/index.php?rest_route=\/wp\/v2\/pages\/67\/revisions"}],"up":[{"embeddable":true,"href":"https:\/\/schuetzenverein-buch.de\/index.php?rest_route=\/wp\/v2\/pages\/305"}],"wp:attachment":[{"href":"https:\/\/schuetzenverein-buch.de\/index.php?rest_route=%2Fwp%2Fv2%2Fmedia&parent=67"}],"curies":[{"name":"wp","href":"https:\/\/api.w.org\/{rel}","templated":true}]}}