{"id":436,"date":"2026-01-08T10:34:17","date_gmt":"2026-01-08T10:34:17","guid":{"rendered":"https:\/\/schuetzenverein-buch.de\/?page_id=436"},"modified":"2026-01-26T12:50:45","modified_gmt":"2026-01-26T12:50:45","slug":"2022-2","status":"publish","type":"page","link":"https:\/\/schuetzenverein-buch.de\/?page_id=436","title":{"rendered":"2022"},"content":{"rendered":"\t\t<div data-elementor-type=\"wp-page\" data-elementor-id=\"436\" class=\"elementor elementor-436\">\n\t\t\t\t<div class=\"elementor-element elementor-element-403fa01 e-con-full e-flex wpr-particle-no wpr-jarallax-no wpr-parallax-no wpr-sticky-section-no wpr-equal-height-no e-con e-parent\" data-id=\"403fa01\" data-element_type=\"container\" data-e-type=\"container\">\n\t\t\t\t<div class=\"elementor-element elementor-element-bf9c137 elementor-widget elementor-widget-text-editor\" data-id=\"bf9c137\" data-element_type=\"widget\" data-e-type=\"widget\" data-widget_type=\"text-editor.default\">\n\t\t\t\t\t\t\t\t\t<h3>2022<\/h3><p>02.01.2022:\u00a0\u00a0 Heimkampf 2. Mannschaft, W\u00fcrttembergliga<\/p><p>09.01.2022:\u00a0\u00a0 Neujahrsgru\u00df<\/p><p>\u00a0<\/p><p>20.02.2022:\u00a0\u00a0 Wintergru\u00df<\/p><p>\u00a0<\/p><p>13.03.2022:\u00a0\u00a0 Kreismeisterschaften<\/p><p>19.03.2022:\u00a0\u00a0 Kreisputzete<\/p><p>26.\/27.03.:\u00a0\u00a0\u00a0\u00a0 Kreismeisterschaften<\/p><p>\u00a0<\/p><p>09.04.2022:\u00a0\u00a0 private Geburtstagsfeier<\/p><p>28.04.2022:\u00a0\u00a0 Jugendversammlung<\/p><p>28.04.2022:\u00a0\u00a0 Teamevent \/ Firmenfeier<\/p><p>29.04.2022:\u00a0\u00a0 Generalversammlung F\u00f6rderverein Gr\u00fcn-Wei\u00df<\/p><p>\u00a0<\/p><p>06.05.2022:\u00a0\u00a0 Generalversammlung<\/p><p>21.05.2022:\u00a0\u00a0 Sommerfest &#8222;light&#8220; mit Hitzkuchen<\/p><p>\u00a0<\/p><p>05.06.2022: \u00a0 private Geburtstagsfeier<\/p><p>11.06.2022:\u00a0\u00a0 Hochzeitsfeier<\/p><p>23.06.2022:\u00a0\u00a0 Teamevent \/ Firmenfeier<\/p><p>\u00a0<\/p><p>16.07.2022:\u00a0\u00a0 Firmenfeier<\/p><p>22.07.2022:\u00a0\u00a0 private Familienfeier<\/p><p>\u00a0<\/p><p>01.08.2022:\u00a0\u00a0 Ferienprogramm<\/p><p>06.08.2022:\u00a0\u00a0 Altpapiersammlung<\/p><p>12.-14.08.:\u00a0\u00a0\u00a0\u00a0 Sommerbiergarten am Stausee<\/p><p>\u00a0<\/p><p>09.09.2022:\u00a0\u00a0 RWK-Auftakt<\/p><p>17.09.2022:\u00a0\u00a0 Hochzeitsfeier<\/p><p>25.09.2022:\u00a0\u00a0 Vorbereitungsk\u00e4mpfe 1. &amp; 2. Mannschaft<\/p><p>\u00a0<\/p><p>02.10.2022:\u00a0\u00a0 Heimkampf 2. Mannschaft, W\u00fcrttembergliga<\/p><p>09.10.2022:\u00a0\u00a0 Heimkampf 3. Mannschaft, Verbandsliga<\/p><p>31.10.2022:\u00a0\u00a0 HalloBin Binokelturnier<\/p><p>\u00a0<\/p><p>05.11.2022:\u00a0\u00a0 Kinderflohmarkt der Kita St. Antonius<\/p><p>12.11.2022:\u00a0\u00a0 Firmenfeier<\/p><p>20.11.2022:\u00a0\u00a0 Heimkampf 4. Mannschaft, Bezirksoberliga<\/p><p>25.11.2022:\u00a0\u00a0 Firmen-Weihnachtsfeier<\/p><p>26.\/27.11.:\u00a0\u00a0\u00a0\u00a0 Advent am See<\/p><p>\u00a0<\/p><p>11.12.2022:\u00a0\u00a0 Heimkampf 1. Mannschaft, 2. Bundesliga<\/p><p>17.12.2022:\u00a0\u00a0 Weihnachtsfeier<\/p>\t\t\t\t\t\t\t\t<\/div>\n\t\t\t\t<\/div>\n\t\t\t\t<\/div>\n\t\t","protected":false},"excerpt":{"rendered":"<p>2022 02.01.2022:\u00a0\u00a0 Heimkampf 2. Mannschaft, W\u00fcrttembergliga 09.01.2022:\u00a0\u00a0 Neujahrsgru\u00df \u00a0 20.02.2022:\u00a0\u00a0 Wintergru\u00df \u00a0 13.03.2022:\u00a0\u00a0 Kreismeisterschaften 19.03.2022:\u00a0\u00a0 Kreisputzete 26.\/27.03.:\u00a0\u00a0\u00a0\u00a0 Kreismeisterschaften \u00a0 09.04.2022:\u00a0\u00a0 private Geburtstagsfeier 28.04.2022:\u00a0\u00a0 Jugendversammlung 28.04.2022:\u00a0\u00a0 Teamevent \/ Firmenfeier 29.04.2022:\u00a0\u00a0 Generalversammlung F\u00f6rderverein Gr\u00fcn-Wei\u00df \u00a0 06.05.2022:\u00a0\u00a0 Generalversammlung 21.05.2022:\u00a0\u00a0 Sommerfest &#8222;light&#8220; mit Hitzkuchen \u00a0 05.06.2022: \u00a0 private Geburtstagsfeier 11.06.2022:\u00a0\u00a0 Hochzeitsfeier 23.06.2022:\u00a0\u00a0 Teamevent \/ Firmenfeier \u00a0 16.07.2022:\u00a0\u00a0 Firmenfeier 22.07.2022:\u00a0\u00a0 private Familienfeier \u00a0 01.08.2022:\u00a0\u00a0 Ferienprogramm 06.08.2022:\u00a0\u00a0 Altpapiersammlung 12.-14.08.:\u00a0\u00a0\u00a0\u00a0 Sommerbiergarten am Stausee \u00a0 09.09.2022:\u00a0\u00a0 RWK-Auftakt 17.09.2022:\u00a0\u00a0 Hochzeitsfeier 25.09.2022:\u00a0\u00a0 Vorbereitungsk\u00e4mpfe 1. &amp; 2. Mannschaft \u00a0 02.10.2022:\u00a0\u00a0 Heimkampf 2. Mannschaft, W\u00fcrttembergliga 09.10.2022:\u00a0\u00a0 Heimkampf 3. Mannschaft, Verbandsliga 31.10.2022:\u00a0\u00a0 HalloBin Binokelturnier \u00a0 05.11.2022:\u00a0\u00a0 Kinderflohmarkt der Kita St. Antonius 12.11.2022:\u00a0\u00a0 Firmenfeier 20.11.2022:\u00a0\u00a0 Heimkampf 4. Mannschaft, Bezirksoberliga 25.11.2022:\u00a0\u00a0 Firmen-Weihnachtsfeier 26.\/27.11.:\u00a0\u00a0\u00a0\u00a0 Advent am See \u00a0 11.12.2022:\u00a0\u00a0 Heimkampf 1. Mannschaft, 2. Bundesliga 17.12.2022:\u00a0\u00a0 Weihnachtsfeier<\/p>\n","protected":false},"author":1,"featured_media":0,"parent":411,"menu_order":4,"comment_status":"closed","ping_status":"closed","template":"","meta":{"_crdt_document":"","pgc_sgb_lightbox_settings":"","ocean_post_layout":"both-sidebars","ocean_both_sidebars_style":"scs-style","ocean_both_sidebars_content_width":60,"ocean_both_sidebars_sidebars_width":20,"ocean_sidebar":"sidebar","ocean_second_sidebar":"ocs-termine","ocean_disable_margins":"enable","ocean_add_body_class":"","ocean_shortcode_before_top_bar":"","ocean_shortcode_after_top_bar":"","ocean_shortcode_before_header":"","ocean_shortcode_after_header":"","ocean_has_shortcode":"","ocean_shortcode_after_title":"","ocean_shortcode_before_footer_widgets":"","ocean_shortcode_after_footer_widgets":"","ocean_shortcode_before_footer_bottom":"","ocean_shortcode_after_footer_bottom":"","ocean_display_top_bar":"default","ocean_display_header":"default","ocean_header_style":"","ocean_center_header_left_menu":"0","ocean_custom_header_template":"0","ocean_custom_logo":0,"ocean_custom_retina_logo":0,"ocean_custom_logo_max_width":0,"ocean_custom_logo_tablet_max_width":0,"ocean_custom_logo_mobile_max_width":0,"ocean_custom_logo_max_height":0,"ocean_custom_logo_tablet_max_height":0,"ocean_custom_logo_mobile_max_height":0,"ocean_header_custom_menu":"0","ocean_menu_typo_font_family":"0","ocean_menu_typo_font_subset":"","ocean_menu_typo_font_size":0,"ocean_menu_typo_font_size_tablet":0,"ocean_menu_typo_font_size_mobile":0,"ocean_menu_typo_font_size_unit":"px","ocean_menu_typo_font_weight":"","ocean_menu_typo_font_weight_tablet":"","ocean_menu_typo_font_weight_mobile":"","ocean_menu_typo_transform":"","ocean_menu_typo_transform_tablet":"","ocean_menu_typo_transform_mobile":"","ocean_menu_typo_line_height":0,"ocean_menu_typo_line_height_tablet":0,"ocean_menu_typo_line_height_mobile":0,"ocean_menu_typo_line_height_unit":"","ocean_menu_typo_spacing":0,"ocean_menu_typo_spacing_tablet":0,"ocean_menu_typo_spacing_mobile":0,"ocean_menu_typo_spacing_unit":"","ocean_menu_link_color":"","ocean_menu_link_color_hover":"","ocean_menu_link_color_active":"","ocean_menu_link_background":"","ocean_menu_link_hover_background":"","ocean_menu_link_active_background":"","ocean_menu_social_links_bg":"","ocean_menu_social_hover_links_bg":"","ocean_menu_social_links_color":"","ocean_menu_social_hover_links_color":"","ocean_disable_title":"default","ocean_disable_heading":"default","ocean_post_title":"","ocean_post_subheading":"","ocean_post_title_style":"","ocean_post_title_background_color":"","ocean_post_title_background":0,"ocean_post_title_bg_image_position":"","ocean_post_title_bg_image_attachment":"","ocean_post_title_bg_image_repeat":"","ocean_post_title_bg_image_size":"","ocean_post_title_height":0,"ocean_post_title_bg_overlay":0.5,"ocean_post_title_bg_overlay_color":"","ocean_disable_breadcrumbs":"default","ocean_breadcrumbs_color":"","ocean_breadcrumbs_separator_color":"","ocean_breadcrumbs_links_color":"","ocean_breadcrumbs_links_hover_color":"","ocean_display_footer_widgets":"default","ocean_display_footer_bottom":"default","ocean_custom_footer_template":"0","footnotes":""},"class_list":["post-436","page","type-page","status-publish","hentry","entry"],"_links":{"self":[{"href":"https:\/\/schuetzenverein-buch.de\/index.php?rest_route=\/wp\/v2\/pages\/436","targetHints":{"allow":["GET"]}}],"collection":[{"href":"https:\/\/schuetzenverein-buch.de\/index.php?rest_route=\/wp\/v2\/pages"}],"about":[{"href":"https:\/\/schuetzenverein-buch.de\/index.php?rest_route=\/wp\/v2\/types\/page"}],"author":[{"embeddable":true,"href":"https:\/\/schuetzenverein-buch.de\/index.php?rest_route=\/wp\/v2\/users\/1"}],"replies":[{"embeddable":true,"href":"https:\/\/schuetzenverein-buch.de\/index.php?rest_route=%2Fwp%2Fv2%2Fcomments&post=436"}],"version-history":[{"count":0,"href":"https:\/\/schuetzenverein-buch.de\/index.php?rest_route=\/wp\/v2\/pages\/436\/revisions"}],"up":[{"embeddable":true,"href":"https:\/\/schuetzenverein-buch.de\/index.php?rest_route=\/wp\/v2\/pages\/411"}],"wp:attachment":[{"href":"https:\/\/schuetzenverein-buch.de\/index.php?rest_route=%2Fwp%2Fv2%2Fmedia&parent=436"}],"curies":[{"name":"wp","href":"https:\/\/api.w.org\/{rel}","templated":true}]}}