{"id":434,"date":"2026-01-08T10:33:54","date_gmt":"2026-01-08T10:33:54","guid":{"rendered":"https:\/\/schuetzenverein-buch.de\/?page_id=434"},"modified":"2026-01-26T12:52:58","modified_gmt":"2026-01-26T12:52:58","slug":"2023-2","status":"publish","type":"page","link":"https:\/\/schuetzenverein-buch.de\/?page_id=434","title":{"rendered":"2023"},"content":{"rendered":"\t\t<div data-elementor-type=\"wp-page\" data-elementor-id=\"434\" class=\"elementor elementor-434\">\n\t\t\t\t<div class=\"elementor-element elementor-element-ec3ea7c e-con-full e-flex wpr-particle-no wpr-jarallax-no wpr-parallax-no wpr-sticky-section-no wpr-equal-height-no e-con e-parent\" data-id=\"ec3ea7c\" data-element_type=\"container\" data-e-type=\"container\">\n\t\t\t\t<div class=\"elementor-element elementor-element-1432721 elementor-widget elementor-widget-text-editor\" data-id=\"1432721\" data-element_type=\"widget\" data-e-type=\"widget\" data-widget_type=\"text-editor.default\">\n\t\t\t\t\t\t\t\t\t<h3>2023<\/h3><p>08.01.2023:\u00a0\u00a0 Neujahrsgru\u00df mit Griebenschnecken<\/p><p>21.01.2023:\u00a0\u00a0 Winterwanderung<\/p><p>\u00a0<\/p><p>10.02.2023:\u00a0\u00a0 RWK-Abschluss mit Sportlerehrung<\/p><p>12.02.2023:\u00a0\u00a0 Kinderfasching<\/p><p>18.02.2023:\u00a0\u00a0 Ball des Sports<\/p><p>24.02.2023:\u00a0\u00a0 Generalversammlung F\u00f6rderverein Gr\u00fcn-Wei\u00df<\/p><p>\u00a0<\/p><p>01.03.2023:\u00a0\u00a0 Jugendversammlung<\/p><p>10.03.2023:\u00a0\u00a0 private Geburtstagsfeier<\/p><p>11.03.2023:\u00a0\u00a0 Generalversammlung<\/p><p>12.03.2023:\u00a0\u00a0 Gottesdienst f\u00fcr verstorbene Mitglieder<\/p><p>12.03.2023:\u00a0\u00a0 Kreismeisterschaften<\/p><p>18.\/19.03.23: Kreismeisterschaften<\/p><p><em>23.-29.03.23: Thekenumbau<\/em><\/p><p>\u00a0<\/p><p>07.04.2023:\u00a0\u00a0 Ostereierschie\u00dfen<\/p><p>15.04.2023:\u00a0\u00a0 Fr\u00fchjahrsputz<\/p><p>22.04.2023:\u00a0\u00a0 Flohmarkt F\u00f6rderverein Kita<\/p><p>\u00a0<\/p><p>06.-07.05.23: Vereinsausflug, Regensburg<\/p><p>17.05.2023:\u00a0\u00a0 private Geburtstagsfeier<\/p><p>\u00a0<\/p><p>30.06.2023:\u00a0\u00a0 Abi-Ball TG Ellwangen<\/p><p>15.07.2023:\u00a0\u00a0 Sommerfest<\/p><p>\u00a0<\/p><p>11.-13.08.23: Sommerbiergarten am Stausee<\/p><p>\u00a0<\/p><p>02.\/03.09.23: Vorbereitungswettk\u00e4mpfe<\/p><p>08.09.2023:\u00a0\u00a0 RWK-Auftakt<\/p><p>15.09.2023:\u00a0\u00a0 Hochzeitsfeier<\/p><p><br \/>24.\/25.09.23: Vorbereitungswettk\u00e4mpfe<\/p><p>01.10.2023:\u00a0\u00a0 Heimkampf 2. Mannschaft, W\u00fcrttembergliga<\/p><p>08.10.2023:\u00a0\u00a0 Heimkampf 1. Mannschaft, 2. Bundesliga<\/p><p>15.10.2023:\u00a0\u00a0 Heimkampf 3. Mannschaft, Verbandsliga<\/p><p>22.10.2023:\u00a0\u00a0 Heimkampf 4. Mannschaft, Regionsoberliga<\/p><p>31.10.2023:\u00a0\u00a0 HalloBin Binokelturnier<\/p><p>\u00a0<\/p><p>18.11.2023:\u00a0\u00a0 Flohmarkt F\u00f6rderverein Kita<\/p><p>\u00a0<\/p><p>02.\/03.12.23: Rainauer Advent am Bucher Stausee<\/p><p>09.12.2023:\u00a0\u00a0 Altpapiersammlung<\/p><p>16.12.2023:\u00a0\u00a0 Weihnachtsfeier<\/p><p>22.12.2023:\u00a0\u00a0 Weihnachtsfeier \/ G\u00e4steschie\u00dfen DJK<\/p><p>27.12.2023:\u00a0\u00a0 G\u00e4steschie\u00dfen Alfing<\/p>\t\t\t\t\t\t\t\t<\/div>\n\t\t\t\t<\/div>\n\t\t\t\t<\/div>\n\t\t","protected":false},"excerpt":{"rendered":"<p>2023 08.01.2023:\u00a0\u00a0 Neujahrsgru\u00df mit Griebenschnecken 21.01.2023:\u00a0\u00a0 Winterwanderung \u00a0 10.02.2023:\u00a0\u00a0 RWK-Abschluss mit Sportlerehrung 12.02.2023:\u00a0\u00a0 Kinderfasching 18.02.2023:\u00a0\u00a0 Ball des Sports 24.02.2023:\u00a0\u00a0 Generalversammlung F\u00f6rderverein Gr\u00fcn-Wei\u00df \u00a0 01.03.2023:\u00a0\u00a0 Jugendversammlung 10.03.2023:\u00a0\u00a0 private Geburtstagsfeier 11.03.2023:\u00a0\u00a0 Generalversammlung 12.03.2023:\u00a0\u00a0 Gottesdienst f\u00fcr verstorbene Mitglieder 12.03.2023:\u00a0\u00a0 Kreismeisterschaften 18.\/19.03.23: Kreismeisterschaften 23.-29.03.23: Thekenumbau \u00a0 07.04.2023:\u00a0\u00a0 Ostereierschie\u00dfen 15.04.2023:\u00a0\u00a0 Fr\u00fchjahrsputz 22.04.2023:\u00a0\u00a0 Flohmarkt F\u00f6rderverein Kita \u00a0 06.-07.05.23: Vereinsausflug, Regensburg 17.05.2023:\u00a0\u00a0 private Geburtstagsfeier \u00a0 30.06.2023:\u00a0\u00a0 Abi-Ball TG Ellwangen 15.07.2023:\u00a0\u00a0 Sommerfest \u00a0 11.-13.08.23: Sommerbiergarten am Stausee \u00a0 02.\/03.09.23: Vorbereitungswettk\u00e4mpfe 08.09.2023:\u00a0\u00a0 RWK-Auftakt 15.09.2023:\u00a0\u00a0 Hochzeitsfeier 24.\/25.09.23: Vorbereitungswettk\u00e4mpfe 01.10.2023:\u00a0\u00a0 Heimkampf 2. Mannschaft, W\u00fcrttembergliga 08.10.2023:\u00a0\u00a0 Heimkampf 1. Mannschaft, 2. Bundesliga 15.10.2023:\u00a0\u00a0 Heimkampf 3. Mannschaft, Verbandsliga 22.10.2023:\u00a0\u00a0 Heimkampf 4. Mannschaft, Regionsoberliga 31.10.2023:\u00a0\u00a0 HalloBin Binokelturnier \u00a0 18.11.2023:\u00a0\u00a0 Flohmarkt F\u00f6rderverein Kita \u00a0 02.\/03.12.23: Rainauer Advent am Bucher Stausee 09.12.2023:\u00a0\u00a0 Altpapiersammlung 16.12.2023:\u00a0\u00a0 Weihnachtsfeier 22.12.2023:\u00a0\u00a0 Weihnachtsfeier \/ G\u00e4steschie\u00dfen DJK 27.12.2023:\u00a0\u00a0 G\u00e4steschie\u00dfen Alfing<\/p>\n","protected":false},"author":1,"featured_media":0,"parent":411,"menu_order":3,"comment_status":"closed","ping_status":"closed","template":"","meta":{"_crdt_document":"","pgc_sgb_lightbox_settings":"","ocean_post_layout":"both-sidebars","ocean_both_sidebars_style":"scs-style","ocean_both_sidebars_content_width":60,"ocean_both_sidebars_sidebars_width":20,"ocean_sidebar":"sidebar","ocean_second_sidebar":"ocs-termine","ocean_disable_margins":"enable","ocean_add_body_class":"","ocean_shortcode_before_top_bar":"","ocean_shortcode_after_top_bar":"","ocean_shortcode_before_header":"","ocean_shortcode_after_header":"","ocean_has_shortcode":"","ocean_shortcode_after_title":"","ocean_shortcode_before_footer_widgets":"","ocean_shortcode_after_footer_widgets":"","ocean_shortcode_before_footer_bottom":"","ocean_shortcode_after_footer_bottom":"","ocean_display_top_bar":"default","ocean_display_header":"default","ocean_header_style":"","ocean_center_header_left_menu":"0","ocean_custom_header_template":"0","ocean_custom_logo":0,"ocean_custom_retina_logo":0,"ocean_custom_logo_max_width":0,"ocean_custom_logo_tablet_max_width":0,"ocean_custom_logo_mobile_max_width":0,"ocean_custom_logo_max_height":0,"ocean_custom_logo_tablet_max_height":0,"ocean_custom_logo_mobile_max_height":0,"ocean_header_custom_menu":"0","ocean_menu_typo_font_family":"0","ocean_menu_typo_font_subset":"","ocean_menu_typo_font_size":0,"ocean_menu_typo_font_size_tablet":0,"ocean_menu_typo_font_size_mobile":0,"ocean_menu_typo_font_size_unit":"px","ocean_menu_typo_font_weight":"","ocean_menu_typo_font_weight_tablet":"","ocean_menu_typo_font_weight_mobile":"","ocean_menu_typo_transform":"","ocean_menu_typo_transform_tablet":"","ocean_menu_typo_transform_mobile":"","ocean_menu_typo_line_height":0,"ocean_menu_typo_line_height_tablet":0,"ocean_menu_typo_line_height_mobile":0,"ocean_menu_typo_line_height_unit":"","ocean_menu_typo_spacing":0,"ocean_menu_typo_spacing_tablet":0,"ocean_menu_typo_spacing_mobile":0,"ocean_menu_typo_spacing_unit":"","ocean_menu_link_color":"","ocean_menu_link_color_hover":"","ocean_menu_link_color_active":"","ocean_menu_link_background":"","ocean_menu_link_hover_background":"","ocean_menu_link_active_background":"","ocean_menu_social_links_bg":"","ocean_menu_social_hover_links_bg":"","ocean_menu_social_links_color":"","ocean_menu_social_hover_links_color":"","ocean_disable_title":"default","ocean_disable_heading":"default","ocean_post_title":"","ocean_post_subheading":"","ocean_post_title_style":"","ocean_post_title_background_color":"","ocean_post_title_background":0,"ocean_post_title_bg_image_position":"","ocean_post_title_bg_image_attachment":"","ocean_post_title_bg_image_repeat":"","ocean_post_title_bg_image_size":"","ocean_post_title_height":0,"ocean_post_title_bg_overlay":0.5,"ocean_post_title_bg_overlay_color":"","ocean_disable_breadcrumbs":"default","ocean_breadcrumbs_color":"","ocean_breadcrumbs_separator_color":"","ocean_breadcrumbs_links_color":"","ocean_breadcrumbs_links_hover_color":"","ocean_display_footer_widgets":"default","ocean_display_footer_bottom":"default","ocean_custom_footer_template":"0","footnotes":""},"class_list":["post-434","page","type-page","status-publish","hentry","entry"],"_links":{"self":[{"href":"https:\/\/schuetzenverein-buch.de\/index.php?rest_route=\/wp\/v2\/pages\/434","targetHints":{"allow":["GET"]}}],"collection":[{"href":"https:\/\/schuetzenverein-buch.de\/index.php?rest_route=\/wp\/v2\/pages"}],"about":[{"href":"https:\/\/schuetzenverein-buch.de\/index.php?rest_route=\/wp\/v2\/types\/page"}],"author":[{"embeddable":true,"href":"https:\/\/schuetzenverein-buch.de\/index.php?rest_route=\/wp\/v2\/users\/1"}],"replies":[{"embeddable":true,"href":"https:\/\/schuetzenverein-buch.de\/index.php?rest_route=%2Fwp%2Fv2%2Fcomments&post=434"}],"version-history":[{"count":0,"href":"https:\/\/schuetzenverein-buch.de\/index.php?rest_route=\/wp\/v2\/pages\/434\/revisions"}],"up":[{"embeddable":true,"href":"https:\/\/schuetzenverein-buch.de\/index.php?rest_route=\/wp\/v2\/pages\/411"}],"wp:attachment":[{"href":"https:\/\/schuetzenverein-buch.de\/index.php?rest_route=%2Fwp%2Fv2%2Fmedia&parent=434"}],"curies":[{"name":"wp","href":"https:\/\/api.w.org\/{rel}","templated":true}]}}