{"id":430,"date":"2026-01-08T10:32:57","date_gmt":"2026-01-08T10:32:57","guid":{"rendered":"https:\/\/schuetzenverein-buch.de\/?page_id=430"},"modified":"2026-01-26T12:59:25","modified_gmt":"2026-01-26T12:59:25","slug":"2025-2","status":"publish","type":"page","link":"https:\/\/schuetzenverein-buch.de\/?page_id=430","title":{"rendered":"2025"},"content":{"rendered":"\t\t<div data-elementor-type=\"wp-page\" data-elementor-id=\"430\" class=\"elementor elementor-430\">\n\t\t\t\t<div class=\"elementor-element elementor-element-6015320 e-con-full e-flex wpr-particle-no wpr-jarallax-no wpr-parallax-no wpr-sticky-section-no wpr-equal-height-no e-con e-parent\" data-id=\"6015320\" data-element_type=\"container\" data-e-type=\"container\">\n\t\t\t\t<div class=\"elementor-element elementor-element-266be4c elementor-widget elementor-widget-text-editor\" data-id=\"266be4c\" data-element_type=\"widget\" data-e-type=\"widget\" data-widget_type=\"text-editor.default\">\n\t\t\t\t\t\t\t\t\t<h3>2025<\/h3><p>05.01.2025:\u00a0\u00a0 Neujahrsgru\u00df mit Griebenschnecken<\/p><p><strong>11.01.2025:\u00a0\u00a0 Foto-Shooting f\u00fcrs Jubil\u00e4umsjahr<\/strong><\/p><p>18.01.2025:\u00a0\u00a0 Winterwanderung<\/p><p>19.01.2025:\u00a0\u00a0 Heimkampf Buch III, Verbandsliga<\/p><p>25.01.2025:\u00a0\u00a0 Kreissch\u00fctzentag<\/p><p>\u00a0<\/p><p>08.02.2025:\u00a0\u00a0 Flohmarkt F\u00f6rderverein Kita St. Antonius<\/p><p>12.02.2025:\u00a0\u00a0 Jugendversammlung<\/p><p>14.02.2025:\u00a0\u00a0 Rundenwettkampfabschluss \/ Sportlerehrung<\/p><p>23.02.2025:\u00a0\u00a0 Kinderfasching<\/p><p>\u00a0<\/p><p>01.03.2025:\u00a0\u00a0 Ball des Sports<\/p><p>07.03.2025:\u00a0\u00a0 Generalversammlung F\u00f6rderverein Gr\u00fcn Wei\u00df &#8217;08<\/p><p>08.03.2025:\u00a0\u00a0 Altpapiersammlung<\/p><p>08.03.2025:\u00a0\u00a0 Generalversammlung<\/p><p>15.\/16.03.25: Kreismeisterschaften<\/p><p>22.03.2025:\u00a0\u00a0 Kreismeisterschaften<\/p><p>29.03.2025:\u00a0\u00a0 Fr\u00fchjahrsputz<\/p><p>\u00a0<\/p><p><strong>05.04.2025:\u00a0\u00a0 Festakt &#8222;100 Jahre SV Buch&#8220;<\/strong><\/p><p><strong>13.04.2025:\u00a0<\/strong>\u00a0\u00a0<strong>Ehrungsfeier &#8222;100 Jahre, 100 Ehrungen&#8220;<\/strong><\/p><p>18.04.2025:\u00a0\u00a0 Ostereierschie\u00dfen<\/p><p>\u00a0<\/p><p>03.05.2025:\u00a0\u00a0 Umzug Deutscher Sch\u00fctzentag, Schw. Gm\u00fcnd<\/p><p><strong>10.-25.05.25: gro\u00dfes Jubil\u00e4umspreisschie\u00dfen<\/strong><\/p><p>25.05.2025:\u00a0\u00a0 Umzug 100 Jahre MV H\u00fcttlingen<\/p><p><strong>Jubil\u00e4umsfest &#8222;100 Jahre SV Buch&#8220;<\/strong><\/p><p><strong>27.06.2025:\u00a0\u00a0<\/strong>\u00a0<a href=\"https:\/\/schuetzenverein-buch.de\/?page_id=3221\">Rock am Limes<\/a>\u00a0<strong>J.B.O, Wanted, Kunstbanausen<\/strong><\/p><p><strong>28.06.2025:\u00a0\u00a0 Partyabend mit Besenkracher<\/strong><\/p><p><strong><br \/>29.06.2025:\u00a0\u00a0 Mittagstisch, Umzumg, Fahneinenmarsch,<\/strong><\/p><p><strong>\u00a0 \u00a0 \u00a0 \u00a0 \u00a0 \u00a0 \u00a0 \u00a0 \u00a0 \u00a0 \u00a0 \u00a0 \u00a0Siegerehrung Preisschie\u00dfen<\/strong><\/p><p>\u00a0<\/p><p><strong>26.07.2025:\u00a0\u00a0 Helferfest<\/strong><\/p><p>29.07.2025:\u00a0\u00a0 Bewirtung Blasmusikdienstag<\/p><p>31.07.- 01.08.2026: Ferienprogramm: Tastschreiben<\/p><p>\u00a0<\/p><p>08.-10.08.25: Seefest<\/p><p>16.08.2025:\u00a0\u00a0 Ferienprogramm: Kinderdisko<\/p><p>\u00a0<\/p><p>07.09.2025:\u00a0 \u00a0Vorbereitungsk\u00e4mpfe<\/p><p>12.09.2025:\u00a0\u00a0 Rundenwettkampf-Auftakt<\/p><p>27.09.2025:\u00a0 \u00a0Vorbereitungsk\u00e4mpfe<\/p><p>\u00a0<\/p><p>18.10.2025:\u00a0 \u00a0masteryourten<\/p><p>19.10.2025:\u00a0\u00a0 Messe f\u00fcr verstorbene Mitglieder<\/p><p>25.10.2025:\u00a0\u00a0 Altpapiersammlung<\/p><p>31.10.2025:\u00a0\u00a0 HalloBin<\/p><p>\u00a0<\/p><p>08.11.2025:\u00a0 \u00a0masteryourten<\/p><p>14.11.2025:\u00a0 \u00a0Jagstpokal<\/p><p>15.11.2025:\u00a0\u00a0 Flohmarkt F\u00f6rderverein Kita St. Antonius<\/p><p>16.11.2025:\u00a0 \u00a0Jagstpokal<\/p><p>29.-30.11.25: Advent am See<\/p><p>30.11.2025:\u00a0\u00a0 Heimkampf Buch II, W\u00fcrttembergliga<\/p><p>\u00a0<\/p><p>07.12.2025:\u00a0\u00a0 Heimkampf Buch I, 2. Bundesliga<\/p><p>13.12.2025:\u00a0 \u00a0masteryourten<\/p><p>14.12.2025:\u00a0\u00a0 Heimkmapf Buch III, Verbandsliga<\/p><p><strong>20.12.2025:\u00a0\u00a0 Weihnachtsfeier mit Jahresr\u00fcckblick<\/strong><\/p><p>27.12.2025:\u00a0 \u00a0private Geburtstagsfeier<\/p>\t\t\t\t\t\t\t\t<\/div>\n\t\t\t\t<\/div>\n\t\t\t\t<\/div>\n\t\t","protected":false},"excerpt":{"rendered":"<p>2025 05.01.2025:\u00a0\u00a0 Neujahrsgru\u00df mit Griebenschnecken 11.01.2025:\u00a0\u00a0 Foto-Shooting f\u00fcrs Jubil\u00e4umsjahr 18.01.2025:\u00a0\u00a0 Winterwanderung 19.01.2025:\u00a0\u00a0 Heimkampf Buch III, Verbandsliga 25.01.2025:\u00a0\u00a0 Kreissch\u00fctzentag \u00a0 08.02.2025:\u00a0\u00a0 Flohmarkt F\u00f6rderverein Kita St. Antonius 12.02.2025:\u00a0\u00a0 Jugendversammlung 14.02.2025:\u00a0\u00a0 Rundenwettkampfabschluss \/ Sportlerehrung 23.02.2025:\u00a0\u00a0 Kinderfasching \u00a0 01.03.2025:\u00a0\u00a0 Ball des Sports 07.03.2025:\u00a0\u00a0 Generalversammlung F\u00f6rderverein Gr\u00fcn Wei\u00df &#8217;08 08.03.2025:\u00a0\u00a0 Altpapiersammlung 08.03.2025:\u00a0\u00a0 Generalversammlung 15.\/16.03.25: Kreismeisterschaften 22.03.2025:\u00a0\u00a0 Kreismeisterschaften 29.03.2025:\u00a0\u00a0 Fr\u00fchjahrsputz \u00a0 05.04.2025:\u00a0\u00a0 Festakt &#8222;100 Jahre SV Buch&#8220; 13.04.2025:\u00a0\u00a0\u00a0Ehrungsfeier &#8222;100 Jahre, 100 Ehrungen&#8220; 18.04.2025:\u00a0\u00a0 Ostereierschie\u00dfen \u00a0 03.05.2025:\u00a0\u00a0 Umzug Deutscher Sch\u00fctzentag, Schw. Gm\u00fcnd 10.-25.05.25: gro\u00dfes Jubil\u00e4umspreisschie\u00dfen 25.05.2025:\u00a0\u00a0 Umzug 100 Jahre MV H\u00fcttlingen Jubil\u00e4umsfest &#8222;100 Jahre SV Buch&#8220; 27.06.2025:\u00a0\u00a0\u00a0Rock am Limes\u00a0J.B.O, Wanted, Kunstbanausen 28.06.2025:\u00a0\u00a0 Partyabend mit Besenkracher 29.06.2025:\u00a0\u00a0 Mittagstisch, Umzumg, Fahneinenmarsch, \u00a0 \u00a0 \u00a0 \u00a0 \u00a0 \u00a0 \u00a0 \u00a0 \u00a0 \u00a0 \u00a0 \u00a0 \u00a0Siegerehrung Preisschie\u00dfen \u00a0 26.07.2025:\u00a0\u00a0 Helferfest 29.07.2025:\u00a0\u00a0 Bewirtung Blasmusikdienstag 31.07.- 01.08.2026: Ferienprogramm: Tastschreiben \u00a0 08.-10.08.25: Seefest 16.08.2025:\u00a0\u00a0 Ferienprogramm: Kinderdisko \u00a0 07.09.2025:\u00a0 \u00a0Vorbereitungsk\u00e4mpfe 12.09.2025:\u00a0\u00a0 Rundenwettkampf-Auftakt 27.09.2025:\u00a0 \u00a0Vorbereitungsk\u00e4mpfe \u00a0 18.10.2025:\u00a0 \u00a0masteryourten 19.10.2025:\u00a0\u00a0 Messe f\u00fcr verstorbene Mitglieder 25.10.2025:\u00a0\u00a0 Altpapiersammlung 31.10.2025:\u00a0\u00a0 HalloBin \u00a0 08.11.2025:\u00a0 \u00a0masteryourten 14.11.2025:\u00a0 \u00a0Jagstpokal 15.11.2025:\u00a0\u00a0 Flohmarkt F\u00f6rderverein Kita St. Antonius 16.11.2025:\u00a0 \u00a0Jagstpokal 29.-30.11.25: Advent am See 30.11.2025:\u00a0\u00a0 Heimkampf Buch II, W\u00fcrttembergliga \u00a0 07.12.2025:\u00a0\u00a0 Heimkampf Buch I, 2. Bundesliga 13.12.2025:\u00a0 \u00a0masteryourten 14.12.2025:\u00a0\u00a0 Heimkmapf Buch III, Verbandsliga 20.12.2025:\u00a0\u00a0 Weihnachtsfeier mit Jahresr\u00fcckblick 27.12.2025:\u00a0 \u00a0private Geburtstagsfeier<\/p>\n","protected":false},"author":1,"featured_media":0,"parent":411,"menu_order":1,"comment_status":"closed","ping_status":"closed","template":"","meta":{"_crdt_document":"","pgc_sgb_lightbox_settings":"","ocean_post_layout":"both-sidebars","ocean_both_sidebars_style":"scs-style","ocean_both_sidebars_content_width":60,"ocean_both_sidebars_sidebars_width":20,"ocean_sidebar":"sidebar","ocean_second_sidebar":"ocs-termine","ocean_disable_margins":"enable","ocean_add_body_class":"","ocean_shortcode_before_top_bar":"","ocean_shortcode_after_top_bar":"","ocean_shortcode_before_header":"","ocean_shortcode_after_header":"","ocean_has_shortcode":"","ocean_shortcode_after_title":"","ocean_shortcode_before_footer_widgets":"","ocean_shortcode_after_footer_widgets":"","ocean_shortcode_before_footer_bottom":"","ocean_shortcode_after_footer_bottom":"","ocean_display_top_bar":"default","ocean_display_header":"default","ocean_header_style":"","ocean_center_header_left_menu":"0","ocean_custom_header_template":"0","ocean_custom_logo":0,"ocean_custom_retina_logo":0,"ocean_custom_logo_max_width":0,"ocean_custom_logo_tablet_max_width":0,"ocean_custom_logo_mobile_max_width":0,"ocean_custom_logo_max_height":0,"ocean_custom_logo_tablet_max_height":0,"ocean_custom_logo_mobile_max_height":0,"ocean_header_custom_menu":"0","ocean_menu_typo_font_family":"0","ocean_menu_typo_font_subset":"","ocean_menu_typo_font_size":0,"ocean_menu_typo_font_size_tablet":0,"ocean_menu_typo_font_size_mobile":0,"ocean_menu_typo_font_size_unit":"px","ocean_menu_typo_font_weight":"","ocean_menu_typo_font_weight_tablet":"","ocean_menu_typo_font_weight_mobile":"","ocean_menu_typo_transform":"","ocean_menu_typo_transform_tablet":"","ocean_menu_typo_transform_mobile":"","ocean_menu_typo_line_height":0,"ocean_menu_typo_line_height_tablet":0,"ocean_menu_typo_line_height_mobile":0,"ocean_menu_typo_line_height_unit":"","ocean_menu_typo_spacing":0,"ocean_menu_typo_spacing_tablet":0,"ocean_menu_typo_spacing_mobile":0,"ocean_menu_typo_spacing_unit":"","ocean_menu_link_color":"","ocean_menu_link_color_hover":"","ocean_menu_link_color_active":"","ocean_menu_link_background":"","ocean_menu_link_hover_background":"","ocean_menu_link_active_background":"","ocean_menu_social_links_bg":"","ocean_menu_social_hover_links_bg":"","ocean_menu_social_links_color":"","ocean_menu_social_hover_links_color":"","ocean_disable_title":"default","ocean_disable_heading":"default","ocean_post_title":"","ocean_post_subheading":"","ocean_post_title_style":"","ocean_post_title_background_color":"","ocean_post_title_background":0,"ocean_post_title_bg_image_position":"","ocean_post_title_bg_image_attachment":"","ocean_post_title_bg_image_repeat":"","ocean_post_title_bg_image_size":"","ocean_post_title_height":0,"ocean_post_title_bg_overlay":0.5,"ocean_post_title_bg_overlay_color":"","ocean_disable_breadcrumbs":"default","ocean_breadcrumbs_color":"","ocean_breadcrumbs_separator_color":"","ocean_breadcrumbs_links_color":"","ocean_breadcrumbs_links_hover_color":"","ocean_display_footer_widgets":"default","ocean_display_footer_bottom":"default","ocean_custom_footer_template":"0","footnotes":""},"class_list":["post-430","page","type-page","status-publish","hentry","entry"],"_links":{"self":[{"href":"https:\/\/schuetzenverein-buch.de\/index.php?rest_route=\/wp\/v2\/pages\/430","targetHints":{"allow":["GET"]}}],"collection":[{"href":"https:\/\/schuetzenverein-buch.de\/index.php?rest_route=\/wp\/v2\/pages"}],"about":[{"href":"https:\/\/schuetzenverein-buch.de\/index.php?rest_route=\/wp\/v2\/types\/page"}],"author":[{"embeddable":true,"href":"https:\/\/schuetzenverein-buch.de\/index.php?rest_route=\/wp\/v2\/users\/1"}],"replies":[{"embeddable":true,"href":"https:\/\/schuetzenverein-buch.de\/index.php?rest_route=%2Fwp%2Fv2%2Fcomments&post=430"}],"version-history":[{"count":0,"href":"https:\/\/schuetzenverein-buch.de\/index.php?rest_route=\/wp\/v2\/pages\/430\/revisions"}],"up":[{"embeddable":true,"href":"https:\/\/schuetzenverein-buch.de\/index.php?rest_route=\/wp\/v2\/pages\/411"}],"wp:attachment":[{"href":"https:\/\/schuetzenverein-buch.de\/index.php?rest_route=%2Fwp%2Fv2%2Fmedia&parent=430"}],"curies":[{"name":"wp","href":"https:\/\/api.w.org\/{rel}","templated":true}]}}