{"id":3316,"date":"2026-01-12T18:24:04","date_gmt":"2026-01-12T18:24:04","guid":{"rendered":"https:\/\/schuetzenverein-buch.de\/?page_id=3316"},"modified":"2026-01-13T06:30:43","modified_gmt":"2026-01-13T06:30:43","slug":"die-kunstbanausen","status":"publish","type":"page","link":"https:\/\/schuetzenverein-buch.de\/?page_id=3316","title":{"rendered":"Die Kunstbanausen"},"content":{"rendered":"\t\t<div data-elementor-type=\"wp-page\" data-elementor-id=\"3316\" class=\"elementor elementor-3316\">\n\t\t\t\t<div class=\"elementor-element elementor-element-31e2846 e-con-full e-flex wpr-particle-no wpr-jarallax-no wpr-parallax-no wpr-sticky-section-no wpr-equal-height-no e-con e-parent\" data-id=\"31e2846\" data-element_type=\"container\" data-e-type=\"container\">\n\t\t\t\t<div class=\"elementor-element elementor-element-d9ff1c5 elementor-widget elementor-widget-image\" data-id=\"d9ff1c5\" data-element_type=\"widget\" data-e-type=\"widget\" data-widget_type=\"image.default\">\n\t\t\t\t\t\t\t\t\t\t\t\t\t\t\t<img decoding=\"async\" src=\"https:\/\/schuetzenverein-buch.de\/wp-content\/uploads\/elementor\/thumbs\/RaL-Kunstbanausen-rhk4bcpyl1r8pgg78q8g5xckavf5odut4o2lbhrxgy.jpg\" title=\"RaL Kunstbanausen\" alt=\"RaL Kunstbanausen\" loading=\"lazy\" \/>\t\t\t\t\t\t\t\t\t\t\t\t\t\t\t<\/div>\n\t\t\t\t<div class=\"elementor-element elementor-element-bff0dd2 elementor-widget elementor-widget-heading\" data-id=\"bff0dd2\" data-element_type=\"widget\" data-e-type=\"widget\" data-widget_type=\"heading.default\">\n\t\t\t\t\t<h2 class=\"elementor-heading-title elementor-size-default\">Wanted<\/h2>\t\t\t\t<\/div>\n\t\t\t\t<div class=\"elementor-element elementor-element-382883c elementor-widget elementor-widget-text-editor\" data-id=\"382883c\" data-element_type=\"widget\" data-e-type=\"widget\" data-widget_type=\"text-editor.default\">\n\t\t\t\t\t\t\t\t\t<p>Die Kunstbanausen, 2008 gegr\u00fcndet, bieten mit ihren energiegeladenen Live-Shows eine Flucht aus dem Alltag. Ihr Sound kombiniert modernen und klassischen Punk-Rock. Sie spielten \u00fcber 100 Konzerte in Deutschland und traten bei bekannten Festivals auf. In ihrer 15-j\u00e4hrigen Bandgeschichte ver\u00f6ffentlichten sie drei Alben und zwei EPs. Das aktuelle Album &#8222;Zeitgeist&#8220; von 2024 gilt als ihr vielseitigstes Werk und wurde von Michel Wern produziert, der seine Finger schon bei Produktionen der Donots und der Toten Hosen im Spiel hatte. Die aktuelle Tour endet im Juni 2025 als Support-Act f\u00fcr J.B.O. beim Rock am Limes Festival in Rainau Buch.<\/p>\t\t\t\t\t\t\t\t<\/div>\n\t\t\t\t<div class=\"elementor-element elementor-element-4dd68a9 elementor-widget elementor-widget-text-editor\" data-id=\"4dd68a9\" data-element_type=\"widget\" data-e-type=\"widget\" data-widget_type=\"text-editor.default\">\n\t\t\t\t\t\t\t\t\t<p><a href=\"https:\/\/tekies-ds.wixstudio.io\/diekunstbanausen\" target=\"_blank\" rel=\"noopener\">Link zur Band<\/a><\/p>\t\t\t\t\t\t\t\t<\/div>\n\t\t\t\t<div class=\"elementor-element elementor-element-f385665 elementor-widget elementor-widget-image\" data-id=\"f385665\" data-element_type=\"widget\" data-e-type=\"widget\" data-widget_type=\"image.default\">\n\t\t\t\t\t\t\t\t\t\t\t\t\t\t\t<img decoding=\"async\" src=\"https:\/\/schuetzenverein-buch.de\/wp-content\/uploads\/elementor\/thumbs\/kubashooting20-03-rhk4azk7xd986wzbdkjo70o3zh80omekeuxslmbg1c.jpg\" title=\"kubashooting20-03\" alt=\"kubashooting20-03\" loading=\"lazy\" \/>\t\t\t\t\t\t\t\t\t\t\t\t\t\t\t<\/div>\n\t\t\t\t<\/div>\n\t\t\t\t<\/div>\n\t\t","protected":false},"excerpt":{"rendered":"<p>Wanted Die Kunstbanausen, 2008 gegr\u00fcndet, bieten mit ihren energiegeladenen Live-Shows eine Flucht aus dem Alltag. Ihr Sound kombiniert modernen und klassischen Punk-Rock. Sie spielten \u00fcber 100 Konzerte in Deutschland und traten bei bekannten Festivals auf. In ihrer 15-j\u00e4hrigen Bandgeschichte ver\u00f6ffentlichten sie drei Alben und zwei EPs. Das aktuelle Album &#8222;Zeitgeist&#8220; von 2024 gilt als ihr vielseitigstes Werk und wurde von Michel Wern produziert, der seine Finger schon bei Produktionen der Donots und der Toten Hosen im Spiel hatte. Die aktuelle Tour endet im Juni 2025 als Support-Act f\u00fcr J.B.O. beim Rock am Limes Festival in Rainau Buch. Link zur Band<\/p>\n","protected":false},"author":1,"featured_media":0,"parent":3221,"menu_order":3,"comment_status":"closed","ping_status":"closed","template":"","meta":{"_crdt_document":"","pgc_sgb_lightbox_settings":"","ocean_post_layout":"","ocean_both_sidebars_style":"","ocean_both_sidebars_content_width":0,"ocean_both_sidebars_sidebars_width":0,"ocean_sidebar":"0","ocean_second_sidebar":"0","ocean_disable_margins":"enable","ocean_add_body_class":"","ocean_shortcode_before_top_bar":"","ocean_shortcode_after_top_bar":"","ocean_shortcode_before_header":"","ocean_shortcode_after_header":"","ocean_has_shortcode":"","ocean_shortcode_after_title":"","ocean_shortcode_before_footer_widgets":"","ocean_shortcode_after_footer_widgets":"","ocean_shortcode_before_footer_bottom":"","ocean_shortcode_after_footer_bottom":"","ocean_display_top_bar":"default","ocean_display_header":"default","ocean_header_style":"","ocean_center_header_left_menu":"0","ocean_custom_header_template":"0","ocean_custom_logo":0,"ocean_custom_retina_logo":0,"ocean_custom_logo_max_width":0,"ocean_custom_logo_tablet_max_width":0,"ocean_custom_logo_mobile_max_width":0,"ocean_custom_logo_max_height":0,"ocean_custom_logo_tablet_max_height":0,"ocean_custom_logo_mobile_max_height":0,"ocean_header_custom_menu":"0","ocean_menu_typo_font_family":"0","ocean_menu_typo_font_subset":"","ocean_menu_typo_font_size":0,"ocean_menu_typo_font_size_tablet":0,"ocean_menu_typo_font_size_mobile":0,"ocean_menu_typo_font_size_unit":"px","ocean_menu_typo_font_weight":"","ocean_menu_typo_font_weight_tablet":"","ocean_menu_typo_font_weight_mobile":"","ocean_menu_typo_transform":"","ocean_menu_typo_transform_tablet":"","ocean_menu_typo_transform_mobile":"","ocean_menu_typo_line_height":0,"ocean_menu_typo_line_height_tablet":0,"ocean_menu_typo_line_height_mobile":0,"ocean_menu_typo_line_height_unit":"","ocean_menu_typo_spacing":0,"ocean_menu_typo_spacing_tablet":0,"ocean_menu_typo_spacing_mobile":0,"ocean_menu_typo_spacing_unit":"","ocean_menu_link_color":"","ocean_menu_link_color_hover":"","ocean_menu_link_color_active":"","ocean_menu_link_background":"","ocean_menu_link_hover_background":"","ocean_menu_link_active_background":"","ocean_menu_social_links_bg":"","ocean_menu_social_hover_links_bg":"","ocean_menu_social_links_color":"","ocean_menu_social_hover_links_color":"","ocean_disable_title":"default","ocean_disable_heading":"default","ocean_post_title":"","ocean_post_subheading":"","ocean_post_title_style":"","ocean_post_title_background_color":"","ocean_post_title_background":0,"ocean_post_title_bg_image_position":"","ocean_post_title_bg_image_attachment":"","ocean_post_title_bg_image_repeat":"","ocean_post_title_bg_image_size":"","ocean_post_title_height":0,"ocean_post_title_bg_overlay":0.5,"ocean_post_title_bg_overlay_color":"","ocean_disable_breadcrumbs":"default","ocean_breadcrumbs_color":"","ocean_breadcrumbs_separator_color":"","ocean_breadcrumbs_links_color":"","ocean_breadcrumbs_links_hover_color":"","ocean_display_footer_widgets":"default","ocean_display_footer_bottom":"default","ocean_custom_footer_template":"0","footnotes":""},"class_list":["post-3316","page","type-page","status-publish","hentry","entry"],"_links":{"self":[{"href":"https:\/\/schuetzenverein-buch.de\/index.php?rest_route=\/wp\/v2\/pages\/3316","targetHints":{"allow":["GET"]}}],"collection":[{"href":"https:\/\/schuetzenverein-buch.de\/index.php?rest_route=\/wp\/v2\/pages"}],"about":[{"href":"https:\/\/schuetzenverein-buch.de\/index.php?rest_route=\/wp\/v2\/types\/page"}],"author":[{"embeddable":true,"href":"https:\/\/schuetzenverein-buch.de\/index.php?rest_route=\/wp\/v2\/users\/1"}],"replies":[{"embeddable":true,"href":"https:\/\/schuetzenverein-buch.de\/index.php?rest_route=%2Fwp%2Fv2%2Fcomments&post=3316"}],"version-history":[{"count":0,"href":"https:\/\/schuetzenverein-buch.de\/index.php?rest_route=\/wp\/v2\/pages\/3316\/revisions"}],"up":[{"embeddable":true,"href":"https:\/\/schuetzenverein-buch.de\/index.php?rest_route=\/wp\/v2\/pages\/3221"}],"wp:attachment":[{"href":"https:\/\/schuetzenverein-buch.de\/index.php?rest_route=%2Fwp%2Fv2%2Fmedia&parent=3316"}],"curies":[{"name":"wp","href":"https:\/\/api.w.org\/{rel}","templated":true}]}}