{"id":315,"date":"2026-01-08T06:38:44","date_gmt":"2026-01-08T06:38:44","guid":{"rendered":"https:\/\/schuetzenverein-buch.de\/?page_id=315"},"modified":"2026-01-27T12:10:31","modified_gmt":"2026-01-27T12:10:31","slug":"ehrenvorstaende","status":"publish","type":"page","link":"https:\/\/schuetzenverein-buch.de\/?page_id=315","title":{"rendered":"Ehrenvorst\u00e4nde"},"content":{"rendered":"\t\t<div data-elementor-type=\"wp-page\" data-elementor-id=\"315\" class=\"elementor elementor-315\">\n\t\t\t\t<div class=\"elementor-element elementor-element-b1846f0 e-con-full e-flex wpr-particle-no wpr-jarallax-no wpr-parallax-no wpr-sticky-section-no wpr-equal-height-no e-con e-parent\" data-id=\"b1846f0\" data-element_type=\"container\" data-e-type=\"container\">\n\t\t\t\t<div class=\"elementor-element elementor-element-9047edb elementor-widget elementor-widget-text-editor\" data-id=\"9047edb\" data-element_type=\"widget\" data-e-type=\"widget\" data-widget_type=\"text-editor.default\">\n\t\t\t\t\t\t\t\t\t<p>Bei der Jahreshauptversammlung am 09.03.2024 wurde die Ehrungsordnung des Vereins angepasst und um einen Punkt erweitert: die Ehrenmitgliedschaft.<\/p><p>Folgender Wortlaut:<br \/>Ehemalige Vorst\u00e4nde des Vereins, die mindestens 10 Jahre ununterbrochen als Vorstand oder stellvertretender Vorstand t\u00e4tig waren und unter deren F\u00fchrung der Verein eine wesentliche, positive Entwicklung genommen hat, k\u00f6nnen auf Antrag des Vereinsbeirats bei der Jahreshauptversammlung zum Ehrenvorstand ernannt werden. Die Entscheidung des Vereinsbeirates muss einstimmig erfolgen. Der Geehrte sollte bei der Ernennung zum Ehrenvorstand das 60. Lebensjahr vollendet haben.<br \/>Dem Geehrten wird an der Jahreshauptversammlung<br \/>die Ehrenvorstandschaft im Verein mit Urkunde und Vereinsnadel in Gold mit Kranz angetragen und \u00fcberreicht.<\/p><p>Bei der Ehrungsfeier anl\u00e4sslich des 100-j\u00e4hrigen Vereinsbestehens am 13.04.2025 wurden folgende Personen zum Ehrenvorstand ernannt (nach einstimmigem Beiratsbeschluss vom 16.05.2024), die beiden erstgenannten Personen post mortem:<\/p>\t\t\t\t\t\t\t\t<\/div>\n\t\t\t\t<\/div>\n\t\t<div class=\"elementor-element elementor-element-f1a06f4 e-flex e-con-boxed wpr-particle-no wpr-jarallax-no wpr-parallax-no wpr-sticky-section-no wpr-equal-height-no e-con e-parent\" data-id=\"f1a06f4\" data-element_type=\"container\" data-e-type=\"container\">\n\t\t\t\t\t<div class=\"e-con-inner\">\n\t\t<div class=\"elementor-element elementor-element-c41be1c e-con-full e-flex wpr-particle-no wpr-jarallax-no wpr-parallax-no wpr-sticky-section-no wpr-equal-height-no e-con e-child\" data-id=\"c41be1c\" data-element_type=\"container\" data-e-type=\"container\">\n\t\t\t\t<div class=\"elementor-element elementor-element-f54ab49 elementor-widget__width-initial elementor-widget elementor-widget-tablepress-table\" data-id=\"f54ab49\" data-element_type=\"widget\" data-e-type=\"widget\" data-widget_type=\"tablepress-table.default\">\n\t\t\t\t\t<h2 id=\"tablepress-9-name\" class=\"tablepress-table-name tablepress-table-name-id-9\">Ehrenvorst\u00e4nde<\/h2>\n\n<table id=\"tablepress-9\" class=\"tablepress tablepress-id-9\" aria-labelledby=\"tablepress-9-name\">\n<tbody class=\"row-hover\">\n<tr class=\"row-1\">\n\t<td class=\"column-1\"><\/td><td class=\"column-2\"><strong>Name<\/strong><\/td><td class=\"column-3\"><strong>T\u00e4tigkiet<\/strong><\/td><td class=\"column-4\"><strong>Zeitraum<\/strong><\/td><td class=\"column-5\"><strong>Dauer<\/strong><\/td>\n<\/tr>\n<tr class=\"row-2\">\n\t<td class=\"column-1\">1<\/td><td class=\"column-2\">Rathgeb Josef<\/td><td class=\"column-3\">1.Vorstand<\/td><td class=\"column-4\">1971-1983<\/td><td class=\"column-5\">12 Jahre<\/td>\n<\/tr>\n<tr class=\"row-3\">\n\t<td class=\"column-1\">2<\/td><td class=\"column-2\">Deis Erwin<\/td><td class=\"column-3\">2.Vorstand<br \/>\n1.Vorstand<\/td><td class=\"column-4\">1971-1983<br \/>\n1983-1989<\/td><td class=\"column-5\">12 Jahre<br \/>\n6 Jahre<\/td>\n<\/tr>\n<tr class=\"row-4\">\n\t<td class=\"column-1\">3<\/td><td class=\"column-2\">Baier Franz<\/td><td class=\"column-3\">2.Vorstand<br \/>\n1.Vorstand<\/td><td class=\"column-4\">1983-1989<br \/>\n1989-2001<\/td><td class=\"column-5\">6 Jahre<br \/>\n12 Jahre<\/td>\n<\/tr>\n<tr class=\"row-5\">\n\t<td class=\"column-1\">4<\/td><td class=\"column-2\">Deis Martin<\/td><td class=\"column-3\">2.Vorstand<br \/>\n1.Vorstand<\/td><td class=\"column-4\">1989-2001<br \/>\n2001-2014<\/td><td class=\"column-5\">12 Jahre<br \/>\n13 jahre<\/td>\n<\/tr>\n<tr class=\"row-6\">\n\t<td class=\"column-1\">5<\/td><td class=\"column-2\">Rief Karl<\/td><td class=\"column-3\">2.Vorstand<\/td><td class=\"column-4\">2001-2013<\/td><td class=\"column-5\">12 Jahre<\/td>\n<\/tr>\n<\/tbody>\n<\/table>\n<!-- #tablepress-9 from cache -->\t\t\t\t<\/div>\n\t\t\t\t<\/div>\n\t\t\t\t\t<\/div>\n\t\t\t\t<\/div>\n\t\t<div class=\"elementor-element elementor-element-fca9a14 e-flex e-con-boxed wpr-particle-no wpr-jarallax-no wpr-parallax-no wpr-sticky-section-no wpr-equal-height-no e-con e-parent\" data-id=\"fca9a14\" data-element_type=\"container\" data-e-type=\"container\">\n\t\t\t\t\t<div class=\"e-con-inner\">\n\t\t\t\t<div class=\"elementor-element elementor-element-87967b2 elementor-widget elementor-widget-image\" data-id=\"87967b2\" data-element_type=\"widget\" data-e-type=\"widget\" data-widget_type=\"image.default\">\n\t\t\t\t\t\t\t\t\t\t\t\t<figure class=\"wp-caption\">\n\t\t\t\t\t\t\t\t\t\t\t<a href=\"https:\/\/schuetzenverein-buch.de\/wp-content\/uploads\/2026\/01\/901-SVBuch-Ehrenmitglieder-009.jpg\" data-elementor-open-lightbox=\"yes\" data-elementor-lightbox-title=\"901 - SVBuch-Ehrenmitglieder-009\" data-e-action-hash=\"#elementor-action%3Aaction%3Dlightbox%26settings%3DeyJpZCI6MzMyLCJ1cmwiOiJodHRwczpcL1wvc2NodWV0emVudmVyZWluLWJ1Y2guZGVcL3dwLWNvbnRlbnRcL3VwbG9hZHNcLzIwMjZcLzAxXC85MDEtU1ZCdWNoLUVocmVubWl0Z2xpZWRlci0wMDkuanBnIn0%3D\">\n\t\t\t\t\t\t\t<img decoding=\"async\" src=\"https:\/\/schuetzenverein-buch.de\/wp-content\/uploads\/elementor\/thumbs\/901-SVBuch-Ehrenmitglieder-009-rhccgm2m4qncwmxphou1ht1tur0c2ed0epuw21sgcm.jpg\" title=\"901 &#8211; SVBuch-Ehrenmitglieder-009\" alt=\"901 - SVBuch-Ehrenmitglieder-009\" loading=\"lazy\" \/>\t\t\t\t\t\t\t\t<\/a>\n\t\t\t\t\t\t\t\t\t\t\t<figcaption class=\"widget-image-caption wp-caption-text\">v.l.: Franz Baier, Martin Deis, Marianne Merz (Tochter von Josef Rathgeb), Karl Rief, 2. Vorstand Steffen Abele (mit Foto von Erwin Deis), 1. Vorstand Stefan Hutter, 3. Vorstand Patrick Gritsch<\/figcaption>\n\t\t\t\t\t\t\t\t\t\t<\/figure>\n\t\t\t\t\t\t\t\t\t<\/div>\n\t\t\t\t\t<\/div>\n\t\t\t\t<\/div>\n\t\t\t\t<\/div>\n\t\t","protected":false},"excerpt":{"rendered":"<p>Bei der Jahreshauptversammlung am 09.03.2024 wurde die Ehrungsordnung des Vereins angepasst und um einen Punkt erweitert: die Ehrenmitgliedschaft. Folgender Wortlaut:Ehemalige Vorst\u00e4nde des Vereins, die mindestens 10 Jahre ununterbrochen als Vorstand oder stellvertretender Vorstand t\u00e4tig waren und unter deren F\u00fchrung der Verein eine wesentliche, positive Entwicklung genommen hat, k\u00f6nnen auf Antrag des Vereinsbeirats bei der Jahreshauptversammlung zum Ehrenvorstand ernannt werden. Die Entscheidung des Vereinsbeirates muss einstimmig erfolgen. Der Geehrte sollte bei der Ernennung zum Ehrenvorstand das 60. Lebensjahr vollendet haben.Dem Geehrten wird an der Jahreshauptversammlungdie Ehrenvorstandschaft im Verein mit Urkunde und Vereinsnadel in Gold mit Kranz angetragen und \u00fcberreicht. Bei der Ehrungsfeier anl\u00e4sslich des 100-j\u00e4hrigen Vereinsbestehens am 13.04.2025 wurden folgende Personen zum Ehrenvorstand ernannt (nach einstimmigem Beiratsbeschluss vom 16.05.2024), die beiden erstgenannten Personen post mortem: Ehrenvorst\u00e4nde Bearbeiten Name T\u00e4tigkiet Zeitraum Dauer 1 Rathgeb Josef 1.Vorstand 1971-1983 12 Jahre 2 Deis Erwin 2.Vorstand 1.Vorstand 1971-1983 1983-1989 12 Jahre 6 Jahre 3 Baier Franz 2.Vorstand 1.Vorstand 1983-1989 1989-2001 6 Jahre 12 Jahre 4 Deis Martin 2.Vorstand 1.Vorstand 1989-2001 2001-2014 12 Jahre 13 jahre 5 Rief Karl 2.Vorstand 2001-2013 12 Jahre v.l.: Franz Baier, Martin Deis, Marianne Merz (Tochter von Josef Rathgeb), Karl Rief, 2. Vorstand Steffen Abele (mit Foto von Erwin Deis), 1. Vorstand Stefan Hutter, 3. Vorstand Patrick Gritsch<\/p>\n","protected":false},"author":1,"featured_media":0,"parent":307,"menu_order":5,"comment_status":"closed","ping_status":"closed","template":"","meta":{"_crdt_document":"","pgc_sgb_lightbox_settings":"","ocean_post_layout":"","ocean_both_sidebars_style":"","ocean_both_sidebars_content_width":0,"ocean_both_sidebars_sidebars_width":0,"ocean_sidebar":"0","ocean_second_sidebar":"0","ocean_disable_margins":"enable","ocean_add_body_class":"","ocean_shortcode_before_top_bar":"","ocean_shortcode_after_top_bar":"","ocean_shortcode_before_header":"","ocean_shortcode_after_header":"","ocean_has_shortcode":"","ocean_shortcode_after_title":"","ocean_shortcode_before_footer_widgets":"","ocean_shortcode_after_footer_widgets":"","ocean_shortcode_before_footer_bottom":"","ocean_shortcode_after_footer_bottom":"","ocean_display_top_bar":"default","ocean_display_header":"default","ocean_header_style":"","ocean_center_header_left_menu":"0","ocean_custom_header_template":"0","ocean_custom_logo":0,"ocean_custom_retina_logo":0,"ocean_custom_logo_max_width":0,"ocean_custom_logo_tablet_max_width":0,"ocean_custom_logo_mobile_max_width":0,"ocean_custom_logo_max_height":0,"ocean_custom_logo_tablet_max_height":0,"ocean_custom_logo_mobile_max_height":0,"ocean_header_custom_menu":"0","ocean_menu_typo_font_family":"0","ocean_menu_typo_font_subset":"","ocean_menu_typo_font_size":0,"ocean_menu_typo_font_size_tablet":0,"ocean_menu_typo_font_size_mobile":0,"ocean_menu_typo_font_size_unit":"px","ocean_menu_typo_font_weight":"","ocean_menu_typo_font_weight_tablet":"","ocean_menu_typo_font_weight_mobile":"","ocean_menu_typo_transform":"","ocean_menu_typo_transform_tablet":"","ocean_menu_typo_transform_mobile":"","ocean_menu_typo_line_height":0,"ocean_menu_typo_line_height_tablet":0,"ocean_menu_typo_line_height_mobile":0,"ocean_menu_typo_line_height_unit":"","ocean_menu_typo_spacing":0,"ocean_menu_typo_spacing_tablet":0,"ocean_menu_typo_spacing_mobile":0,"ocean_menu_typo_spacing_unit":"","ocean_menu_link_color":"","ocean_menu_link_color_hover":"","ocean_menu_link_color_active":"","ocean_menu_link_background":"","ocean_menu_link_hover_background":"","ocean_menu_link_active_background":"","ocean_menu_social_links_bg":"","ocean_menu_social_hover_links_bg":"","ocean_menu_social_links_color":"","ocean_menu_social_hover_links_color":"","ocean_disable_title":"default","ocean_disable_heading":"default","ocean_post_title":"","ocean_post_subheading":"","ocean_post_title_style":"","ocean_post_title_background_color":"","ocean_post_title_background":0,"ocean_post_title_bg_image_position":"","ocean_post_title_bg_image_attachment":"","ocean_post_title_bg_image_repeat":"","ocean_post_title_bg_image_size":"","ocean_post_title_height":0,"ocean_post_title_bg_overlay":0.5,"ocean_post_title_bg_overlay_color":"","ocean_disable_breadcrumbs":"default","ocean_breadcrumbs_color":"","ocean_breadcrumbs_separator_color":"","ocean_breadcrumbs_links_color":"","ocean_breadcrumbs_links_hover_color":"","ocean_display_footer_widgets":"default","ocean_display_footer_bottom":"default","ocean_custom_footer_template":"0","footnotes":""},"class_list":["post-315","page","type-page","status-publish","hentry","entry"],"_links":{"self":[{"href":"https:\/\/schuetzenverein-buch.de\/index.php?rest_route=\/wp\/v2\/pages\/315","targetHints":{"allow":["GET"]}}],"collection":[{"href":"https:\/\/schuetzenverein-buch.de\/index.php?rest_route=\/wp\/v2\/pages"}],"about":[{"href":"https:\/\/schuetzenverein-buch.de\/index.php?rest_route=\/wp\/v2\/types\/page"}],"author":[{"embeddable":true,"href":"https:\/\/schuetzenverein-buch.de\/index.php?rest_route=\/wp\/v2\/users\/1"}],"replies":[{"embeddable":true,"href":"https:\/\/schuetzenverein-buch.de\/index.php?rest_route=%2Fwp%2Fv2%2Fcomments&post=315"}],"version-history":[{"count":0,"href":"https:\/\/schuetzenverein-buch.de\/index.php?rest_route=\/wp\/v2\/pages\/315\/revisions"}],"up":[{"embeddable":true,"href":"https:\/\/schuetzenverein-buch.de\/index.php?rest_route=\/wp\/v2\/pages\/307"}],"wp:attachment":[{"href":"https:\/\/schuetzenverein-buch.de\/index.php?rest_route=%2Fwp%2Fv2%2Fmedia&parent=315"}],"curies":[{"name":"wp","href":"https:\/\/api.w.org\/{rel}","templated":true}]}}