{"id":313,"date":"2026-01-08T07:44:01","date_gmt":"2026-01-08T07:44:01","guid":{"rendered":"https:\/\/schuetzenverein-buch.de\/?page_id=313"},"modified":"2026-01-26T16:34:33","modified_gmt":"2026-01-26T16:34:33","slug":"vorstandshistorie","status":"publish","type":"page","link":"https:\/\/schuetzenverein-buch.de\/?page_id=313","title":{"rendered":"Vorstandshistorie"},"content":{"rendered":"\t\t<div data-elementor-type=\"wp-page\" data-elementor-id=\"313\" class=\"elementor elementor-313\">\n\t\t\t\t<div class=\"elementor-element elementor-element-c9cde59 e-flex e-con-boxed wpr-particle-no wpr-jarallax-no wpr-parallax-no wpr-sticky-section-no wpr-equal-height-no e-con e-parent\" data-id=\"c9cde59\" data-element_type=\"container\" data-e-type=\"container\">\n\t\t\t\t\t<div class=\"e-con-inner\">\n\t\t\t\t<div class=\"elementor-element elementor-element-70c0246 elementor-widget__width-initial elementor-widget elementor-widget-tablepress-table\" data-id=\"70c0246\" data-element_type=\"widget\" data-e-type=\"widget\" data-widget_type=\"tablepress-table.default\">\n\t\t\t\t\t<h2 id=\"tablepress-1-name\" class=\"tablepress-table-name tablepress-table-name-id-1\">1.Vorst\u00e4nde<\/h2>\n\n<table id=\"tablepress-1\" class=\"tablepress tablepress-id-1\" aria-labelledby=\"tablepress-1-name\">\n<tbody class=\"row-hover\">\n<tr class=\"row-1\">\n\t<td class=\"column-1\"><strong>Nr.<\/strong><\/td><td class=\"column-2\"><strong>von<\/strong><\/td><td class=\"column-3\"><strong>bis<\/strong><\/td><td class=\"column-4\"><strong>Name<\/strong><\/td>\n<\/tr>\n<tr class=\"row-2\">\n\t<td class=\"column-1\">1<\/td><td class=\"column-2\">1925<\/td><td class=\"column-3\">1928<\/td><td class=\"column-4\">Wendelin K\u00f6ppel<\/td>\n<\/tr>\n<tr class=\"row-3\">\n\t<td class=\"column-1\">2<\/td><td class=\"column-2\">1928<\/td><td class=\"column-3\">1932<\/td><td class=\"column-4\">Josef Hutter<\/td>\n<\/tr>\n<tr class=\"row-4\">\n\t<td class=\"column-1\">3<\/td><td class=\"column-2\">1932<\/td><td class=\"column-3\">1939<\/td><td class=\"column-4\">Philipp Ratgeb<\/td>\n<\/tr>\n<tr class=\"row-5\">\n\t<td class=\"column-1\">4<\/td><td class=\"column-2\">1939<\/td><td class=\"column-3\">1945<\/td><td class=\"column-4\">Hugo Rathgeb<\/td>\n<\/tr>\n<tr class=\"row-6\">\n\t<td class=\"column-1\"><\/td><td class=\"column-2\">1945<\/td><td class=\"column-3\">1953<\/td><td class=\"column-4\">Vereinsruhe in der Nachkriegszeit<\/td>\n<\/tr>\n<tr class=\"row-7\">\n\t<td class=\"column-1\">4<\/td><td class=\"column-2\">1953<\/td><td class=\"column-3\">1964<\/td><td class=\"column-4\">Hugo Rathgeb<\/td>\n<\/tr>\n<tr class=\"row-8\">\n\t<td class=\"column-1\">5<\/td><td class=\"column-2\">1964<\/td><td class=\"column-3\">1967<\/td><td class=\"column-4\">August Fischer<\/td>\n<\/tr>\n<tr class=\"row-9\">\n\t<td class=\"column-1\">6<\/td><td class=\"column-2\">1967<\/td><td class=\"column-3\">1971<\/td><td class=\"column-4\">Karl Deis<\/td>\n<\/tr>\n<tr class=\"row-10\">\n\t<td class=\"column-1\">7<\/td><td class=\"column-2\">1971<\/td><td class=\"column-3\">1983<\/td><td class=\"column-4\">Josef Rathgeb<\/td>\n<\/tr>\n<tr class=\"row-11\">\n\t<td class=\"column-1\">8<\/td><td class=\"column-2\">1983<\/td><td class=\"column-3\">1989<\/td><td class=\"column-4\">Erwin Deis<\/td>\n<\/tr>\n<tr class=\"row-12\">\n\t<td class=\"column-1\">9<\/td><td class=\"column-2\">1989<\/td><td class=\"column-3\">2001<\/td><td class=\"column-4\">Franz Baier<\/td>\n<\/tr>\n<tr class=\"row-13\">\n\t<td class=\"column-1\">10<\/td><td class=\"column-2\">2001<\/td><td class=\"column-3\">2014<\/td><td class=\"column-4\">Martin Deis<\/td>\n<\/tr>\n<tr class=\"row-14\">\n\t<td class=\"column-1\">11<\/td><td class=\"column-2\">2014<\/td><td class=\"column-3\">2015<\/td><td class=\"column-4\">Manfred Feifel<\/td>\n<\/tr>\n<tr class=\"row-15\">\n\t<td class=\"column-1\">12<\/td><td class=\"column-2\">2015<\/td><td class=\"column-3\"><\/td><td class=\"column-4\">Stefan Hutter<\/td>\n<\/tr>\n<\/tbody>\n<\/table>\n<!-- #tablepress-1 from cache -->\t\t\t\t<\/div>\n\t\t\t\t<div class=\"elementor-element elementor-element-110441a elementor-widget__width-initial elementor-widget elementor-widget-tablepress-table\" data-id=\"110441a\" data-element_type=\"widget\" data-e-type=\"widget\" data-widget_type=\"tablepress-table.default\">\n\t\t\t\t\t<h2 id=\"tablepress-2-name\" class=\"tablepress-table-name tablepress-table-name-id-2\">2.Vorst\u00e4nde<\/h2>\n\n<table id=\"tablepress-2\" class=\"tablepress tablepress-id-2\" aria-labelledby=\"tablepress-2-name\">\n<tbody class=\"row-hover\">\n<tr class=\"row-1\">\n\t<td class=\"column-1\"><strong>von<\/strong><\/td><td class=\"column-2\"><strong>bis<\/strong><\/td><td class=\"column-3\"><strong>Name<\/strong><\/td>\n<\/tr>\n<tr class=\"row-2\">\n\t<td class=\"column-1\">1971<\/td><td class=\"column-2\">1983<\/td><td class=\"column-3\">Erwin Deis<\/td>\n<\/tr>\n<tr class=\"row-3\">\n\t<td class=\"column-1\">1983<\/td><td class=\"column-2\">1989<\/td><td class=\"column-3\">Franz Baier<\/td>\n<\/tr>\n<tr class=\"row-4\">\n\t<td class=\"column-1\">1989<\/td><td class=\"column-2\">2001<\/td><td class=\"column-3\">Martin Deis<\/td>\n<\/tr>\n<tr class=\"row-5\">\n\t<td class=\"column-1\">2001<\/td><td class=\"column-2\">2013<\/td><td class=\"column-3\">Karl Rief<\/td>\n<\/tr>\n<tr class=\"row-6\">\n\t<td class=\"column-1\">2013<\/td><td class=\"column-2\">2015<\/td><td class=\"column-3\">Stefan Hutter<\/td>\n<\/tr>\n<tr class=\"row-7\">\n\t<td class=\"column-1\">2015<\/td><td class=\"column-2\">2018<\/td><td class=\"column-3\">Manfred Feifel<\/td>\n<\/tr>\n<tr class=\"row-8\">\n\t<td class=\"column-1\">2019<\/td><td class=\"column-2\">2022<\/td><td class=\"column-3\">Sven Gritsch<\/td>\n<\/tr>\n<tr class=\"row-9\">\n\t<td class=\"column-1\">2022<\/td><td class=\"column-2\"><\/td><td class=\"column-3\">Steffen Abele<\/td>\n<\/tr>\n<\/tbody>\n<\/table>\n<!-- #tablepress-2 from cache -->\t\t\t\t<\/div>\n\t\t\t\t<div class=\"elementor-element elementor-element-4573485 elementor-widget__width-initial elementor-widget elementor-widget-tablepress-table\" data-id=\"4573485\" data-element_type=\"widget\" data-e-type=\"widget\" data-widget_type=\"tablepress-table.default\">\n\t\t\t\t\t<h2 id=\"tablepress-3-name\" class=\"tablepress-table-name tablepress-table-name-id-3\">3.Vorst\u00e4nde<\/h2>\n\n<table id=\"tablepress-3\" class=\"tablepress tablepress-id-3\" aria-labelledby=\"tablepress-3-name\">\n<tbody class=\"row-hover\">\n<tr class=\"row-1\">\n\t<td class=\"column-1\"><strong>von<\/strong><\/td><td class=\"column-2\"><strong>bis<\/strong><\/td><td class=\"column-3\"><strong>Name<\/strong><\/td>\n<\/tr>\n<tr class=\"row-2\">\n\t<td class=\"column-1\">2011<\/td><td class=\"column-2\">2013<\/td><td class=\"column-3\">Elisabeth K\u00f6ppel<\/td>\n<\/tr>\n<tr class=\"row-3\">\n\t<td class=\"column-1\">2013<\/td><td class=\"column-2\">2014<\/td><td class=\"column-3\">Manfred Feifel<\/td>\n<\/tr>\n<tr class=\"row-4\">\n\t<td class=\"column-1\">2014<\/td><td class=\"column-2\">2016<\/td><td class=\"column-3\">Susanne Schoch<\/td>\n<\/tr>\n<tr class=\"row-5\">\n\t<td class=\"column-1\">2017<\/td><td class=\"column-2\">2019<\/td><td class=\"column-3\">Sven Gritsch<\/td>\n<\/tr>\n<tr class=\"row-6\">\n\t<td class=\"column-1\">2022<\/td><td class=\"column-2\"><\/td><td class=\"column-3\">Patrick Gritsch<\/td>\n<\/tr>\n<\/tbody>\n<\/table>\n<!-- #tablepress-3 from cache -->\t\t\t\t<\/div>\n\t\t\t\t<div class=\"elementor-element elementor-element-f5a2f5a elementor-widget__width-initial elementor-widget elementor-widget-tablepress-table\" data-id=\"f5a2f5a\" data-element_type=\"widget\" data-e-type=\"widget\" data-widget_type=\"tablepress-table.default\">\n\t\t\t\t\t<h2 id=\"tablepress-4-name\" class=\"tablepress-table-name tablepress-table-name-id-4\">Kassierer<\/h2>\n\n<table id=\"tablepress-4\" class=\"tablepress tablepress-id-4\" aria-labelledby=\"tablepress-4-name\">\n<tbody class=\"row-hover\">\n<tr class=\"row-1\">\n\t<td class=\"column-1\"><strong>von<\/strong><\/td><td class=\"column-2\"><strong>bis<\/strong><\/td><td class=\"column-3\"><strong>Name<\/strong><\/td>\n<\/tr>\n<tr class=\"row-2\">\n\t<td class=\"column-1\">1987<\/td><td class=\"column-2\">2010<\/td><td class=\"column-3\">Paul Fuchs<\/td>\n<\/tr>\n<tr class=\"row-3\">\n\t<td class=\"column-1\">2010<\/td><td class=\"column-2\">2013<\/td><td class=\"column-3\">Vincenz Krieger<\/td>\n<\/tr>\n<tr class=\"row-4\">\n\t<td class=\"column-1\">2013<\/td><td class=\"column-2\">2015<\/td><td class=\"column-3\">Petra Klingler<\/td>\n<\/tr>\n<tr class=\"row-5\">\n\t<td class=\"column-1\">2015<\/td><td class=\"column-2\">2017<\/td><td class=\"column-3\">Sylvia Buck<\/td>\n<\/tr>\n<tr class=\"row-6\">\n\t<td class=\"column-1\">2017<\/td><td class=\"column-2\"><\/td><td class=\"column-3\">Carola Sauter<\/td>\n<\/tr>\n<\/tbody>\n<\/table>\n<!-- #tablepress-4 from cache -->\t\t\t\t<\/div>\n\t\t\t\t<div class=\"elementor-element elementor-element-0a4fec3 elementor-widget__width-initial elementor-widget elementor-widget-tablepress-table\" data-id=\"0a4fec3\" data-element_type=\"widget\" data-e-type=\"widget\" data-widget_type=\"tablepress-table.default\">\n\t\t\t\t\t<h2 id=\"tablepress-5-name\" class=\"tablepress-table-name tablepress-table-name-id-5\">Schriftf\u00fchrer<\/h2>\n\n<table id=\"tablepress-5\" class=\"tablepress tablepress-id-5\" aria-labelledby=\"tablepress-5-name\">\n<tbody class=\"row-hover\">\n<tr class=\"row-1\">\n\t<td class=\"column-1\"><strong>von<\/strong><\/td><td class=\"column-2\"><strong>bis<\/strong><\/td><td class=\"column-3\"><strong>Name<\/strong><\/td>\n<\/tr>\n<tr class=\"row-2\">\n\t<td class=\"column-1\">?<\/td><td class=\"column-2\">1974<\/td><td class=\"column-3\">Hermann Weber<\/td>\n<\/tr>\n<tr class=\"row-3\">\n\t<td class=\"column-1\">1974<\/td><td class=\"column-2\">1983<\/td><td class=\"column-3\">Franz Baier<\/td>\n<\/tr>\n<tr class=\"row-4\">\n\t<td class=\"column-1\">1993<\/td><td class=\"column-2\">1999<\/td><td class=\"column-3\">Susanne Schoch<\/td>\n<\/tr>\n<tr class=\"row-5\">\n\t<td class=\"column-1\">1999<\/td><td class=\"column-2\">2008<\/td><td class=\"column-3\">Wendelin Vogler<\/td>\n<\/tr>\n<tr class=\"row-6\">\n\t<td class=\"column-1\">2008<\/td><td class=\"column-2\">2010<\/td><td class=\"column-3\">Manfred Feifel<\/td>\n<\/tr>\n<tr class=\"row-7\">\n\t<td class=\"column-1\">2010<\/td><td class=\"column-2\"><\/td><td class=\"column-3\">Birgit Straub<\/td>\n<\/tr>\n<\/tbody>\n<\/table>\n<!-- #tablepress-5 from cache -->\t\t\t\t<\/div>\n\t\t\t\t<div class=\"elementor-element elementor-element-b40e5e4 elementor-widget__width-initial elementor-widget elementor-widget-tablepress-table\" data-id=\"b40e5e4\" data-element_type=\"widget\" data-e-type=\"widget\" data-widget_type=\"tablepress-table.default\">\n\t\t\t\t\t<h2 id=\"tablepress-6-name\" class=\"tablepress-table-name tablepress-table-name-id-6\">Schie\u00dfleiter<\/h2>\n\n<table id=\"tablepress-6\" class=\"tablepress tablepress-id-6\" aria-labelledby=\"tablepress-6-name\">\n<tbody class=\"row-hover\">\n<tr class=\"row-1\">\n\t<td class=\"column-1\"><strong>von<\/strong><\/td><td class=\"column-2\"><strong>bis<\/strong><\/td><td class=\"column-3\"><strong>Name<\/strong><\/td>\n<\/tr>\n<tr class=\"row-2\">\n\t<td class=\"column-1\">?<\/td><td class=\"column-2\">?<\/td><td class=\"column-3\">Hans Barth<\/td>\n<\/tr>\n<tr class=\"row-3\">\n\t<td class=\"column-1\">?<\/td><td class=\"column-2\">?<\/td><td class=\"column-3\">Karl Haupt<\/td>\n<\/tr>\n<tr class=\"row-4\">\n\t<td class=\"column-1\">?<\/td><td class=\"column-2\">1985<\/td><td class=\"column-3\">Willi Bux<\/td>\n<\/tr>\n<tr class=\"row-5\">\n\t<td class=\"column-1\">1985<\/td><td class=\"column-2\">1989<\/td><td class=\"column-3\">Paul Sorg<\/td>\n<\/tr>\n<tr class=\"row-6\">\n\t<td class=\"column-1\">1989<\/td><td class=\"column-2\">2003<\/td><td class=\"column-3\">Siegfried Birk<\/td>\n<\/tr>\n<tr class=\"row-7\">\n\t<td class=\"column-1\">2003<\/td><td class=\"column-2\">2015<\/td><td class=\"column-3\">Stefan Hutter<\/td>\n<\/tr>\n<tr class=\"row-8\">\n\t<td class=\"column-1\">2015<\/td><td class=\"column-2\">2021<\/td><td class=\"column-3\">Michael K\u00f6ppel<\/td>\n<\/tr>\n<tr class=\"row-9\">\n\t<td class=\"column-1\">2021<\/td><td class=\"column-2\"><\/td><td class=\"column-3\">Tina Madronitsch<\/td>\n<\/tr>\n<\/tbody>\n<\/table>\n<!-- #tablepress-6 from cache -->\t\t\t\t<\/div>\n\t\t\t\t<div class=\"elementor-element elementor-element-79733b1 elementor-widget__width-initial elementor-widget elementor-widget-tablepress-table\" data-id=\"79733b1\" data-element_type=\"widget\" data-e-type=\"widget\" data-widget_type=\"tablepress-table.default\">\n\t\t\t\t\t<h2 id=\"tablepress-7-name\" class=\"tablepress-table-name tablepress-table-name-id-7\">Jugendleiter<\/h2>\n\n<table id=\"tablepress-7\" class=\"tablepress tablepress-id-7\" aria-labelledby=\"tablepress-7-name\">\n<tbody class=\"row-hover\">\n<tr class=\"row-1\">\n\t<td class=\"column-1\"><strong>von<\/strong><\/td><td class=\"column-2\"><strong>bis<\/strong><\/td><td class=\"column-3\"><strong>Name<\/strong><\/td>\n<\/tr>\n<tr class=\"row-2\">\n\t<td class=\"column-1\">?<\/td><td class=\"column-2\">1999<\/td><td class=\"column-3\">Anton Hahn<\/td>\n<\/tr>\n<tr class=\"row-3\">\n\t<td class=\"column-1\">1999<\/td><td class=\"column-2\">2003<\/td><td class=\"column-3\">Clemens Wei\u00df<\/td>\n<\/tr>\n<tr class=\"row-4\">\n\t<td class=\"column-1\">2003<\/td><td class=\"column-2\">2009<\/td><td class=\"column-3\">Michael Abele<\/td>\n<\/tr>\n<tr class=\"row-5\">\n\t<td class=\"column-1\">2009<\/td><td class=\"column-2\">2011<\/td><td class=\"column-3\">Patrick Gritsch<\/td>\n<\/tr>\n<tr class=\"row-6\">\n\t<td class=\"column-1\">2011<\/td><td class=\"column-2\">2015<\/td><td class=\"column-3\">Sven Gritsch<\/td>\n<\/tr>\n<tr class=\"row-7\">\n\t<td class=\"column-1\">2015<\/td><td class=\"column-2\">2023<\/td><td class=\"column-3\">Stefanie M\u00fcller<\/td>\n<\/tr>\n<tr class=\"row-8\">\n\t<td class=\"column-1\">2023<\/td><td class=\"column-2\"><\/td><td class=\"column-3\">Lea Drmola<\/td>\n<\/tr>\n<\/tbody>\n<\/table>\n<!-- #tablepress-7 from cache -->\t\t\t\t<\/div>\n\t\t\t\t<div class=\"elementor-element elementor-element-d76dd74 elementor-widget__width-initial elementor-widget elementor-widget-tablepress-table\" data-id=\"d76dd74\" data-element_type=\"widget\" data-e-type=\"widget\" data-widget_type=\"tablepress-table.default\">\n\t\t\t\t\t<h2 id=\"tablepress-8-name\" class=\"tablepress-table-name tablepress-table-name-id-8\">Jugendsprecher<\/h2>\n\n<table id=\"tablepress-8\" class=\"tablepress tablepress-id-8\" aria-labelledby=\"tablepress-8-name\">\n<tbody class=\"row-hover\">\n<tr class=\"row-1\">\n\t<td class=\"column-1\"><strong>von<\/strong><\/td><td class=\"column-2\"><strong>bis<\/strong><\/td><td class=\"column-3\"><strong>Name<\/strong><\/td>\n<\/tr>\n<tr class=\"row-2\">\n\t<td class=\"column-1\">1997<\/td><td class=\"column-2\">2003<\/td><td class=\"column-3\">Stefan Hutter<\/td>\n<\/tr>\n<tr class=\"row-3\">\n\t<td class=\"column-1\">2003<\/td><td class=\"column-2\">2006<\/td><td class=\"column-3\">Sven Gritsch<\/td>\n<\/tr>\n<tr class=\"row-4\">\n\t<td class=\"column-1\">2006<\/td><td class=\"column-2\">2010<\/td><td class=\"column-3\">Patrick Gritsch<\/td>\n<\/tr>\n<tr class=\"row-5\">\n\t<td class=\"column-1\">2010<\/td><td class=\"column-2\">2012<\/td><td class=\"column-3\">Patrick Jordan<\/td>\n<\/tr>\n<tr class=\"row-6\">\n\t<td class=\"column-1\">2012<\/td><td class=\"column-2\">2013<\/td><td class=\"column-3\">Kerstin Straub<\/td>\n<\/tr>\n<tr class=\"row-7\">\n\t<td class=\"column-1\">2013<\/td><td class=\"column-2\">2015<\/td><td class=\"column-3\">Stefanie M\u00fcller<\/td>\n<\/tr>\n<tr class=\"row-8\">\n\t<td class=\"column-1\">2015<\/td><td class=\"column-2\">2017<\/td><td class=\"column-3\">Laura Mayle<\/td>\n<\/tr>\n<tr class=\"row-9\">\n\t<td class=\"column-1\">2017<\/td><td class=\"column-2\">2019<\/td><td class=\"column-3\">Philipp Rathgeb<\/td>\n<\/tr>\n<tr class=\"row-10\">\n\t<td class=\"column-1\">2019<\/td><td class=\"column-2\">2021<\/td><td class=\"column-3\">Prisca Sauter<\/td>\n<\/tr>\n<tr class=\"row-11\">\n\t<td class=\"column-1\">2021<\/td><td class=\"column-2\">2024<\/td><td class=\"column-3\">Hannah Rulffes<\/td>\n<\/tr>\n<\/tbody>\n<\/table>\n<!-- #tablepress-8 from cache -->\t\t\t\t<\/div>\n\t\t\t\t\t<\/div>\n\t\t\t\t<\/div>\n\t\t\t\t<\/div>\n\t\t","protected":false},"excerpt":{"rendered":"<p>1.Vorst\u00e4nde Bearbeiten Nr. von bis Name 1 1925 1928 Wendelin K\u00f6ppel 2 1928 1932 Josef Hutter 3 1932 1939 Philipp Ratgeb 4 1939 1945 Hugo Rathgeb 1945 1953 Vereinsruhe in der Nachkriegszeit 4 1953 1964 Hugo Rathgeb 5 1964 1967 August Fischer 6 1967 1971 Karl Deis 7 1971 1983 Josef Rathgeb 8 1983 1989 Erwin Deis 9 1989 2001 Franz Baier 10 2001 2014 Martin Deis 11 2014 2015 Manfred Feifel 12 2015 Stefan Hutter 2.Vorst\u00e4nde Bearbeiten von bis Name 1971 1983 Erwin Deis 1983 1989 Franz Baier 1989 2001 Martin Deis 2001 2013 Karl Rief 2013 2015 Stefan Hutter 2015 2018 Manfred Feifel 2019 2022 Sven Gritsch 2022 Steffen Abele 3.Vorst\u00e4nde Bearbeiten von bis Name 2011 2013 Elisabeth K\u00f6ppel 2013 2014 Manfred Feifel 2014 2016 Susanne Schoch 2017 2019 Sven Gritsch 2022 Patrick Gritsch Kassierer Bearbeiten von bis Name 1987 2010 Paul Fuchs 2010 2013 Vincenz Krieger 2013 2015 Petra Klingler 2015 2017 Sylvia Buck 2017 Carola Sauter Schriftf\u00fchrer Bearbeiten von bis Name ? 1974 Hermann Weber 1974 1983 Franz Baier 1993 1999 Susanne Schoch 1999 2008 Wendelin Vogler 2008 2010 Manfred Feifel 2010 Birgit Straub Schie\u00dfleiter Bearbeiten von bis Name ? ? Hans Barth ? ? Karl Haupt ? 1985 Willi Bux 1985 1989 Paul Sorg 1989 2003 Siegfried Birk 2003 2015 Stefan Hutter 2015 2021 Michael K\u00f6ppel 2021 Tina Madronitsch Jugendleiter Bearbeiten von bis Name ? 1999 Anton Hahn 1999 2003 Clemens Wei\u00df 2003 2009 Michael Abele 2009 2011 Patrick Gritsch 2011 2015 Sven Gritsch 2015 2023 Stefanie M\u00fcller 2023 Lea Drmola Jugendsprecher Bearbeiten von bis Name 1997 2003 Stefan Hutter 2003 2006 Sven Gritsch 2006 2010 Patrick Gritsch 2010 2012 Patrick Jordan 2012 2013 Kerstin Straub 2013 2015 Stefanie M\u00fcller 2015 2017 Laura Mayle 2017 2019 Philipp Rathgeb 2019 2021 Prisca Sauter 2021 2024 Hannah Rulffes<\/p>\n","protected":false},"author":1,"featured_media":0,"parent":307,"menu_order":4,"comment_status":"closed","ping_status":"closed","template":"","meta":{"_crdt_document":"","pgc_sgb_lightbox_settings":"","ocean_post_layout":"","ocean_both_sidebars_style":"","ocean_both_sidebars_content_width":0,"ocean_both_sidebars_sidebars_width":0,"ocean_sidebar":"0","ocean_second_sidebar":"0","ocean_disable_margins":"enable","ocean_add_body_class":"","ocean_shortcode_before_top_bar":"","ocean_shortcode_after_top_bar":"","ocean_shortcode_before_header":"","ocean_shortcode_after_header":"","ocean_has_shortcode":"","ocean_shortcode_after_title":"","ocean_shortcode_before_footer_widgets":"","ocean_shortcode_after_footer_widgets":"","ocean_shortcode_before_footer_bottom":"","ocean_shortcode_after_footer_bottom":"","ocean_display_top_bar":"default","ocean_display_header":"default","ocean_header_style":"","ocean_center_header_left_menu":"0","ocean_custom_header_template":"0","ocean_custom_logo":0,"ocean_custom_retina_logo":0,"ocean_custom_logo_max_width":0,"ocean_custom_logo_tablet_max_width":0,"ocean_custom_logo_mobile_max_width":0,"ocean_custom_logo_max_height":0,"ocean_custom_logo_tablet_max_height":0,"ocean_custom_logo_mobile_max_height":0,"ocean_header_custom_menu":"0","ocean_menu_typo_font_family":"0","ocean_menu_typo_font_subset":"","ocean_menu_typo_font_size":0,"ocean_menu_typo_font_size_tablet":0,"ocean_menu_typo_font_size_mobile":0,"ocean_menu_typo_font_size_unit":"px","ocean_menu_typo_font_weight":"","ocean_menu_typo_font_weight_tablet":"","ocean_menu_typo_font_weight_mobile":"","ocean_menu_typo_transform":"","ocean_menu_typo_transform_tablet":"","ocean_menu_typo_transform_mobile":"","ocean_menu_typo_line_height":0,"ocean_menu_typo_line_height_tablet":0,"ocean_menu_typo_line_height_mobile":0,"ocean_menu_typo_line_height_unit":"","ocean_menu_typo_spacing":0,"ocean_menu_typo_spacing_tablet":0,"ocean_menu_typo_spacing_mobile":0,"ocean_menu_typo_spacing_unit":"","ocean_menu_link_color":"","ocean_menu_link_color_hover":"","ocean_menu_link_color_active":"","ocean_menu_link_background":"","ocean_menu_link_hover_background":"","ocean_menu_link_active_background":"","ocean_menu_social_links_bg":"","ocean_menu_social_hover_links_bg":"","ocean_menu_social_links_color":"","ocean_menu_social_hover_links_color":"","ocean_disable_title":"default","ocean_disable_heading":"default","ocean_post_title":"","ocean_post_subheading":"","ocean_post_title_style":"","ocean_post_title_background_color":"","ocean_post_title_background":0,"ocean_post_title_bg_image_position":"","ocean_post_title_bg_image_attachment":"","ocean_post_title_bg_image_repeat":"","ocean_post_title_bg_image_size":"","ocean_post_title_height":0,"ocean_post_title_bg_overlay":0.5,"ocean_post_title_bg_overlay_color":"","ocean_disable_breadcrumbs":"default","ocean_breadcrumbs_color":"","ocean_breadcrumbs_separator_color":"","ocean_breadcrumbs_links_color":"","ocean_breadcrumbs_links_hover_color":"","ocean_display_footer_widgets":"default","ocean_display_footer_bottom":"default","ocean_custom_footer_template":"0","footnotes":""},"class_list":["post-313","page","type-page","status-publish","hentry","entry"],"_links":{"self":[{"href":"https:\/\/schuetzenverein-buch.de\/index.php?rest_route=\/wp\/v2\/pages\/313","targetHints":{"allow":["GET"]}}],"collection":[{"href":"https:\/\/schuetzenverein-buch.de\/index.php?rest_route=\/wp\/v2\/pages"}],"about":[{"href":"https:\/\/schuetzenverein-buch.de\/index.php?rest_route=\/wp\/v2\/types\/page"}],"author":[{"embeddable":true,"href":"https:\/\/schuetzenverein-buch.de\/index.php?rest_route=\/wp\/v2\/users\/1"}],"replies":[{"embeddable":true,"href":"https:\/\/schuetzenverein-buch.de\/index.php?rest_route=%2Fwp%2Fv2%2Fcomments&post=313"}],"version-history":[{"count":0,"href":"https:\/\/schuetzenverein-buch.de\/index.php?rest_route=\/wp\/v2\/pages\/313\/revisions"}],"up":[{"embeddable":true,"href":"https:\/\/schuetzenverein-buch.de\/index.php?rest_route=\/wp\/v2\/pages\/307"}],"wp:attachment":[{"href":"https:\/\/schuetzenverein-buch.de\/index.php?rest_route=%2Fwp%2Fv2%2Fmedia&parent=313"}],"curies":[{"name":"wp","href":"https:\/\/api.w.org\/{rel}","templated":true}]}}