{"id":309,"date":"2026-01-08T06:44:06","date_gmt":"2026-01-08T06:44:06","guid":{"rendered":"https:\/\/schuetzenverein-buch.de\/?page_id=309"},"modified":"2026-01-14T07:18:44","modified_gmt":"2026-01-14T07:18:44","slug":"ausschuss","status":"publish","type":"page","link":"https:\/\/schuetzenverein-buch.de\/?page_id=309","title":{"rendered":"Ausschu\u00df"},"content":{"rendered":"\t\t<div data-elementor-type=\"wp-page\" data-elementor-id=\"309\" class=\"elementor elementor-309\">\n\t\t\t\t<div class=\"elementor-element elementor-element-d42f3e6 e-con-full e-flex wpr-particle-no wpr-jarallax-no wpr-parallax-no wpr-sticky-section-no wpr-equal-height-no e-con e-parent\" data-id=\"d42f3e6\" data-element_type=\"container\" data-e-type=\"container\">\n\t\t\t\t<div class=\"elementor-element elementor-element-dbf8ce8 elementor-widget elementor-widget-text-editor\" data-id=\"dbf8ce8\" data-element_type=\"widget\" data-e-type=\"widget\" data-widget_type=\"text-editor.default\">\n\t\t\t\t\t\t\t\t\t<p>Das R\u00fcckgrat eines jeden erfolgreichen Vereins ist eine gut funktionierende Organisation und Arbeitsaufteilung unter den ehrenamtlich t\u00e4tigen Funktion\u00e4ren. Wir sind sehr froh, dass wir immer wieder Mitglieder gewinnen k\u00f6nnen, die sich in ihrer Freizeit f\u00fcr den Verein engagieren und aufopfern.<\/p><p>Vielen Dank an alle f\u00fcr ihren tollen Einsatz<\/p>\t\t\t\t\t\t\t\t<\/div>\n\t\t\t\t<div class=\"elementor-element elementor-element-7f811e9 elementor-widget elementor-widget-spacer\" data-id=\"7f811e9\" data-element_type=\"widget\" data-e-type=\"widget\" data-widget_type=\"spacer.default\">\n\t\t\t\t\t\t\t<div class=\"elementor-spacer\">\n\t\t\t<div class=\"elementor-spacer-inner\"><\/div>\n\t\t<\/div>\n\t\t\t\t\t\t<\/div>\n\t\t\t\t<\/div>\n\t\t<div class=\"elementor-element elementor-element-51fecf1 e-flex e-con-boxed wpr-particle-no wpr-jarallax-no wpr-parallax-no wpr-sticky-section-no wpr-equal-height-no e-con e-parent\" data-id=\"51fecf1\" data-element_type=\"container\" data-e-type=\"container\">\n\t\t\t\t\t<div class=\"e-con-inner\">\n\t\t<div class=\"elementor-element elementor-element-538bb27 e-con-full e-flex wpr-particle-no wpr-jarallax-no wpr-parallax-no wpr-sticky-section-no wpr-equal-height-no e-con e-child\" data-id=\"538bb27\" data-element_type=\"container\" data-e-type=\"container\">\n\t\t\t\t<div class=\"elementor-element elementor-element-3db05f1 elementor-widget elementor-widget-text-editor\" data-id=\"3db05f1\" data-element_type=\"widget\" data-e-type=\"widget\" data-widget_type=\"text-editor.default\">\n\t\t\t\t\t\t\t\t\t<h2>\u00a0<strong>Vorstandschaft<\/strong><\/h2>\t\t\t\t\t\t\t\t<\/div>\n\t\t\t\t<div class=\"elementor-element elementor-element-87a2766 elementor-widget elementor-widget-text-editor\" data-id=\"87a2766\" data-element_type=\"widget\" data-e-type=\"widget\" data-widget_type=\"text-editor.default\">\n\t\t\t\t\t\t\t\t\t<p><strong>1.Vorsitzender: <\/strong>Stefan Hutter\u00a0 \u00a0 vorstand(at)schuetzenverein-buch.de<\/p><p><strong>2.Vorsitzender: <\/strong>Steffen Abele\u00a0\u00a0\u00a0 vorstand(at)schuetzenverein-buch.de<\/p><p><strong>3.Vorsitzender: <\/strong>Patrick Gritsch\u00a0\u00a0 vorstand(at)schuetzenverein-buch.de<\/p><p><strong>Kassiererin:\u00a0<\/strong>Carola Sauter\u00a0\u00a0\u00a0 finanzen(at)schuetzenverein-buch.de<\/p><p><strong>Schriftf\u00fchrerin:\u00a0<\/strong>Birgit Straub<\/p>\t\t\t\t\t\t\t\t<\/div>\n\t\t\t\t<\/div>\n\t\t<div class=\"elementor-element elementor-element-05ba4a8 e-con-full e-flex wpr-particle-no wpr-jarallax-no wpr-parallax-no wpr-sticky-section-no wpr-equal-height-no e-con e-child\" data-id=\"05ba4a8\" data-element_type=\"container\" data-e-type=\"container\">\n\t\t\t\t<div class=\"elementor-element elementor-element-7596cbc elementor-widget__width-initial elementor-widget elementor-widget-image\" data-id=\"7596cbc\" data-element_type=\"widget\" data-e-type=\"widget\" data-widget_type=\"image.default\">\n\t\t\t\t\t\t\t\t\t\t\t\t<figure class=\"wp-caption\">\n\t\t\t\t\t\t\t\t\t\t\t<a href=\"https:\/\/schuetzenverein-buch.de\/wp-content\/uploads\/2026\/01\/23-SVBuch_Gruppenbilder-023.jpg\" data-elementor-open-lightbox=\"yes\" data-elementor-lightbox-title=\"23 - SVBuch_Gruppenbilder-023\" data-e-action-hash=\"#elementor-action%3Aaction%3Dlightbox%26settings%3DeyJpZCI6MzIzLCJ1cmwiOiJodHRwczpcL1wvc2NodWV0emVudmVyZWluLWJ1Y2guZGVcL3dwLWNvbnRlbnRcL3VwbG9hZHNcLzIwMjZcLzAxXC8yMy1TVkJ1Y2hfR3J1cHBlbmJpbGRlci0wMjMuanBnIn0%3D\">\n\t\t\t\t\t\t\t<img decoding=\"async\" src=\"https:\/\/schuetzenverein-buch.de\/wp-content\/uploads\/elementor\/thumbs\/23-SVBuch_Gruppenbilder-023-rhcbi930arm0hsui4u50ch783odaopy90nbwhwqjt2.jpg\" title=\"23 &#8211; SVBuch_Gruppenbilder-023\" alt=\"23 - SVBuch_Gruppenbilder-023\" loading=\"lazy\" \/>\t\t\t\t\t\t\t\t<\/a>\n\t\t\t\t\t\t\t\t\t\t\t<figcaption class=\"widget-image-caption wp-caption-text\">von links: Steffen Abele, Stefan Hutter, Patrick Gritsch<\/figcaption>\n\t\t\t\t\t\t\t\t\t\t<\/figure>\n\t\t\t\t\t\t\t\t\t<\/div>\n\t\t\t\t<\/div>\n\t\t<div class=\"elementor-element elementor-element-39200da e-con-full e-flex wpr-particle-no wpr-jarallax-no wpr-parallax-no wpr-sticky-section-no wpr-equal-height-no e-con e-child\" data-id=\"39200da\" data-element_type=\"container\" data-e-type=\"container\">\n\t\t\t\t<div class=\"elementor-element elementor-element-81f62e9 elementor-widget elementor-widget-text-editor\" data-id=\"81f62e9\" data-element_type=\"widget\" data-e-type=\"widget\" data-widget_type=\"text-editor.default\">\n\t\t\t\t\t\t\t\t\t<h2><strong>Beirat<\/strong><\/h2><p><strong>\u00a0Schie\u00dfleiterin: <\/strong>Tina Madronitsch\u00a0\u00a0\u00a0\u00a0 schiessleiter(at)schuetzenverein-buch.de<\/p><p><strong>Jugendleiterin: <\/strong>Lea Drmola<\/p><p><strong>Sch\u00fctzen: <\/strong>Andrea Drmola, \u00a0Martin Abele\u00a0<\/p><p><strong>Tanzen: <\/strong>Laura Mayle, Michaela Binder\u00a0 \u00a0 \u00a0 tanz(at)schuetzenverein-buch.de<\/p><p><strong>Ladyfitness: <\/strong>Katrin Staudenecker\u00a0 ladyfitness(at)schuetzenverein-buch.de<\/p><p><strong>M\u00e4nnerfitness:\u00a0<\/strong>Jochen Staudenecker maennerfitness(at)schuetzenverein-buch.de<\/p><p><strong>Beisitzer: <\/strong>Michael Kragler, \u00a0Philipp Rathgeb<\/p><p><strong>F\u00f6rdernde: <\/strong>Matthias Lechner<\/p>\t\t\t\t\t\t\t\t<\/div>\n\t\t\t\t<\/div>\n\t\t<div class=\"elementor-element elementor-element-b85d0f6 e-con-full e-flex wpr-particle-no wpr-jarallax-no wpr-parallax-no wpr-sticky-section-no wpr-equal-height-no e-con e-child\" data-id=\"b85d0f6\" data-element_type=\"container\" data-e-type=\"container\">\n\t\t\t\t<div class=\"elementor-element elementor-element-e744185 elementor-widget__width-initial elementor-widget elementor-widget-image\" data-id=\"e744185\" data-element_type=\"widget\" data-e-type=\"widget\" data-widget_type=\"image.default\">\n\t\t\t\t\t\t\t\t\t\t\t\t\t\t\t\t<a href=\"https:\/\/schuetzenverein-buch.de\/wp-content\/uploads\/2026\/01\/21-SVBuch_Gruppenbilder-021.jpg\" data-elementor-open-lightbox=\"yes\" data-elementor-lightbox-title=\"21 - SVBuch_Gruppenbilder-021\" data-e-action-hash=\"#elementor-action%3Aaction%3Dlightbox%26settings%3DeyJpZCI6MzIxLCJ1cmwiOiJodHRwczpcL1wvc2NodWV0emVudmVyZWluLWJ1Y2guZGVcL3dwLWNvbnRlbnRcL3VwbG9hZHNcLzIwMjZcLzAxXC8yMS1TVkJ1Y2hfR3J1cHBlbmJpbGRlci0wMjEuanBnIn0%3D\">\n\t\t\t\t\t\t\t<img decoding=\"async\" src=\"https:\/\/schuetzenverein-buch.de\/wp-content\/uploads\/elementor\/thumbs\/21-SVBuch_Gruppenbilder-021-rhcbhr822zjmsi5pzpbqqm7ahlxlxjd2z1e0bfhwcc.jpg\" title=\"21 &#8211; SVBuch_Gruppenbilder-021\" alt=\"21 - SVBuch_Gruppenbilder-021\" loading=\"lazy\" \/>\t\t\t\t\t\t\t\t<\/a>\n\t\t\t\t\t\t\t\t\t\t\t\t\t\t\t<\/div>\n\t\t\t\t<\/div>\n\t\t\t\t\t<\/div>\n\t\t\t\t<\/div>\n\t\t\t\t<\/div>\n\t\t","protected":false},"excerpt":{"rendered":"<p>Das R\u00fcckgrat eines jeden erfolgreichen Vereins ist eine gut funktionierende Organisation und Arbeitsaufteilung unter den ehrenamtlich t\u00e4tigen Funktion\u00e4ren. Wir sind sehr froh, dass wir immer wieder Mitglieder gewinnen k\u00f6nnen, die sich in ihrer Freizeit f\u00fcr den Verein engagieren und aufopfern. Vielen Dank an alle f\u00fcr ihren tollen Einsatz \u00a0Vorstandschaft 1.Vorsitzender: Stefan Hutter\u00a0 \u00a0 vorstand(at)schuetzenverein-buch.de 2.Vorsitzender: Steffen Abele\u00a0\u00a0\u00a0 vorstand(at)schuetzenverein-buch.de 3.Vorsitzender: Patrick Gritsch\u00a0\u00a0 vorstand(at)schuetzenverein-buch.de Kassiererin:\u00a0Carola Sauter\u00a0\u00a0\u00a0 finanzen(at)schuetzenverein-buch.de Schriftf\u00fchrerin:\u00a0Birgit Straub von links: Steffen Abele, Stefan Hutter, Patrick Gritsch Beirat \u00a0Schie\u00dfleiterin: Tina Madronitsch\u00a0\u00a0\u00a0\u00a0 schiessleiter(at)schuetzenverein-buch.de Jugendleiterin: Lea Drmola Sch\u00fctzen: Andrea Drmola, \u00a0Martin Abele\u00a0 Tanzen: Laura Mayle, Michaela Binder\u00a0 \u00a0 \u00a0 tanz(at)schuetzenverein-buch.de Ladyfitness: Katrin Staudenecker\u00a0 ladyfitness(at)schuetzenverein-buch.de M\u00e4nnerfitness:\u00a0Jochen Staudenecker maennerfitness(at)schuetzenverein-buch.de Beisitzer: Michael Kragler, \u00a0Philipp Rathgeb F\u00f6rdernde: Matthias Lechner<\/p>\n","protected":false},"author":1,"featured_media":0,"parent":307,"menu_order":1,"comment_status":"closed","ping_status":"closed","template":"","meta":{"_crdt_document":"","pgc_sgb_lightbox_settings":"","ocean_post_layout":"","ocean_both_sidebars_style":"","ocean_both_sidebars_content_width":0,"ocean_both_sidebars_sidebars_width":0,"ocean_sidebar":"0","ocean_second_sidebar":"0","ocean_disable_margins":"enable","ocean_add_body_class":"","ocean_shortcode_before_top_bar":"","ocean_shortcode_after_top_bar":"","ocean_shortcode_before_header":"","ocean_shortcode_after_header":"","ocean_has_shortcode":"","ocean_shortcode_after_title":"","ocean_shortcode_before_footer_widgets":"","ocean_shortcode_after_footer_widgets":"","ocean_shortcode_before_footer_bottom":"","ocean_shortcode_after_footer_bottom":"","ocean_display_top_bar":"default","ocean_display_header":"default","ocean_header_style":"","ocean_center_header_left_menu":"0","ocean_custom_header_template":"0","ocean_custom_logo":0,"ocean_custom_retina_logo":0,"ocean_custom_logo_max_width":0,"ocean_custom_logo_tablet_max_width":0,"ocean_custom_logo_mobile_max_width":0,"ocean_custom_logo_max_height":0,"ocean_custom_logo_tablet_max_height":0,"ocean_custom_logo_mobile_max_height":0,"ocean_header_custom_menu":"0","ocean_menu_typo_font_family":"0","ocean_menu_typo_font_subset":"","ocean_menu_typo_font_size":0,"ocean_menu_typo_font_size_tablet":0,"ocean_menu_typo_font_size_mobile":0,"ocean_menu_typo_font_size_unit":"px","ocean_menu_typo_font_weight":"","ocean_menu_typo_font_weight_tablet":"","ocean_menu_typo_font_weight_mobile":"","ocean_menu_typo_transform":"","ocean_menu_typo_transform_tablet":"","ocean_menu_typo_transform_mobile":"","ocean_menu_typo_line_height":0,"ocean_menu_typo_line_height_tablet":0,"ocean_menu_typo_line_height_mobile":0,"ocean_menu_typo_line_height_unit":"","ocean_menu_typo_spacing":0,"ocean_menu_typo_spacing_tablet":0,"ocean_menu_typo_spacing_mobile":0,"ocean_menu_typo_spacing_unit":"","ocean_menu_link_color":"","ocean_menu_link_color_hover":"","ocean_menu_link_color_active":"","ocean_menu_link_background":"","ocean_menu_link_hover_background":"","ocean_menu_link_active_background":"","ocean_menu_social_links_bg":"","ocean_menu_social_hover_links_bg":"","ocean_menu_social_links_color":"","ocean_menu_social_hover_links_color":"","ocean_disable_title":"default","ocean_disable_heading":"default","ocean_post_title":"","ocean_post_subheading":"","ocean_post_title_style":"","ocean_post_title_background_color":"","ocean_post_title_background":0,"ocean_post_title_bg_image_position":"","ocean_post_title_bg_image_attachment":"","ocean_post_title_bg_image_repeat":"","ocean_post_title_bg_image_size":"","ocean_post_title_height":0,"ocean_post_title_bg_overlay":0.5,"ocean_post_title_bg_overlay_color":"","ocean_disable_breadcrumbs":"default","ocean_breadcrumbs_color":"","ocean_breadcrumbs_separator_color":"","ocean_breadcrumbs_links_color":"","ocean_breadcrumbs_links_hover_color":"","ocean_display_footer_widgets":"default","ocean_display_footer_bottom":"default","ocean_custom_footer_template":"0","footnotes":""},"class_list":["post-309","page","type-page","status-publish","hentry","entry"],"_links":{"self":[{"href":"https:\/\/schuetzenverein-buch.de\/index.php?rest_route=\/wp\/v2\/pages\/309","targetHints":{"allow":["GET"]}}],"collection":[{"href":"https:\/\/schuetzenverein-buch.de\/index.php?rest_route=\/wp\/v2\/pages"}],"about":[{"href":"https:\/\/schuetzenverein-buch.de\/index.php?rest_route=\/wp\/v2\/types\/page"}],"author":[{"embeddable":true,"href":"https:\/\/schuetzenverein-buch.de\/index.php?rest_route=\/wp\/v2\/users\/1"}],"replies":[{"embeddable":true,"href":"https:\/\/schuetzenverein-buch.de\/index.php?rest_route=%2Fwp%2Fv2%2Fcomments&post=309"}],"version-history":[{"count":0,"href":"https:\/\/schuetzenverein-buch.de\/index.php?rest_route=\/wp\/v2\/pages\/309\/revisions"}],"up":[{"embeddable":true,"href":"https:\/\/schuetzenverein-buch.de\/index.php?rest_route=\/wp\/v2\/pages\/307"}],"wp:attachment":[{"href":"https:\/\/schuetzenverein-buch.de\/index.php?rest_route=%2Fwp%2Fv2%2Fmedia&parent=309"}],"curies":[{"name":"wp","href":"https:\/\/api.w.org\/{rel}","templated":true}]}}