{"id":163,"date":"2026-01-07T12:04:22","date_gmt":"2026-01-07T12:04:22","guid":{"rendered":"https:\/\/schuetzenverein-buch.de\/?page_id=163"},"modified":"2026-01-21T06:47:21","modified_gmt":"2026-01-21T06:47:21","slug":"dancingqueens","status":"publish","type":"page","link":"https:\/\/schuetzenverein-buch.de\/?page_id=163","title":{"rendered":"DancingQueens"},"content":{"rendered":"\t\t<div data-elementor-type=\"wp-page\" data-elementor-id=\"163\" class=\"elementor elementor-163\">\n\t\t\t\t<div class=\"elementor-element elementor-element-fef4134 e-con-full e-flex wpr-particle-no wpr-jarallax-no wpr-parallax-no wpr-sticky-section-no wpr-equal-height-no e-con e-parent\" data-id=\"fef4134\" data-element_type=\"container\" data-e-type=\"container\">\n\t\t<div class=\"elementor-element elementor-element-c361abe e-con-full e-flex wpr-particle-no wpr-jarallax-no wpr-parallax-no wpr-sticky-section-no wpr-equal-height-no e-con e-child\" data-id=\"c361abe\" data-element_type=\"container\" data-e-type=\"container\">\n\t\t\t\t<div class=\"elementor-element elementor-element-264f635 elementor-widget elementor-widget-text-editor\" data-id=\"264f635\" data-element_type=\"widget\" data-e-type=\"widget\" data-widget_type=\"text-editor.default\">\n\t\t\t\t\t\t\t\t\t<p><strong>Ansprechpartnerin:<\/strong><\/p><p>Leiterin Tanzen<\/p><p>Laura Mayle<\/p><p>Michaela Binder<\/p><p>tanz(at)schuetzenverein-buch.de<\/p>\t\t\t\t\t\t\t\t<\/div>\n\t\t\t\t<\/div>\n\t\t<div class=\"elementor-element elementor-element-f3e387c e-con-full e-flex wpr-particle-no wpr-jarallax-no wpr-parallax-no wpr-sticky-section-no wpr-equal-height-no e-con e-child\" data-id=\"f3e387c\" data-element_type=\"container\" data-e-type=\"container\">\n\t\t\t\t<div class=\"elementor-element elementor-element-cbd52cd elementor-widget elementor-widget-text-editor\" data-id=\"cbd52cd\" data-element_type=\"widget\" data-e-type=\"widget\" data-widget_type=\"text-editor.default\">\n\t\t\t\t\t\t\t\t\t<p><strong>Allgemein:<\/strong><\/p><p>Wir, die Showtanzgruppe\u00a0<em>Dancing Queens<\/em>, sind 10 tanzbegeisterte M\u00e4dels der Jahrg\u00e4nge 2006 bis 2009.<\/p><p>Unser w\u00f6chentliches Training beginnen wir mit einem \u201eWarm up\u201c, welches aus verschiedenen Fitnesst\u00e4nzen zu aktuellen Hits, Ausdauer- und Kraft\u00fcbungen und Dehn\u00fcbungen besteht. Danach gehen wir in die Ein\u00fcbung der abwechslungsreichen Choreos unserer Showt\u00e4nze \u00fcber. Hierbei steht die Geschichte, die t\u00e4nzerisch erz\u00e4hlt und zum Ausdruck gebracht wird und die Zuschauer*innen in eine andere Welt entf\u00fchrt, im Fokus. Insbesondere in der f\u00fcnften Jahreszeit sind wir mit unserem aktuellen Showtanz auf Faschingsveranstaltungen in der Umgebung unterwegs. Aber nicht nur in dieser Jahreszeit, sondern auch im Sommer sind wir auf Vereinsveranstaltungen oder verschiedenen Showtanzb\u00fchnen in der Umgebung, wie bspw. den Wasseralfinger Festtagen oder den Reichsst\u00e4dter Tagen, vertreten.<\/p><p>Neben dem w\u00f6chentlichen Training verbringen wir auch Zeit bei gemeinsamen Aktivit\u00e4ten. So kommen der Spa\u00df und die Geselligkeit bei verschiedenen vereinsunterst\u00fctzenden T\u00e4tigkeiten und Aktionen wie bspw. einer gruppeninternen Weihnachtsfeier oder einem Sommerfest am See nicht zu kurz.<\/p><p>Wenn du tanzbegeistert bist, Lust auf eine Kombination aus Fitness und Tanz hast und dein K\u00f6nnen auf B\u00fchnen pr\u00e4sentieren m\u00f6chtest, dann bist du bei uns genau richtig und kannst gerne zu einem Probetraining vorbeikommen! Wir freuen uns auf dich!<\/p><p><strong>Trainingsinhalte:<\/strong><\/p><p>Fitness &amp; Tanz<\/p><p><strong>Ziele:<\/strong><\/p><p>Wir wollen unser Publikum mit abwechslungsreichen Showt\u00e4nzen begeistern.<\/p><p><strong>Events:<\/strong><\/p><p>Faschingsball Buch, Faschingsball Neunheim, Reichsst\u00e4dter Tage, Wasseralfinger Festtage, Muffigeltage, Ellwanger Heimattage, Vereinsveranstaltungen<\/p><p><strong>Trainingszeiten:\u00a0<\/strong>Donnerstags von 18:00 Uhr bis 19:30 Uhr<\/p><p><strong>Altersbereich:\u00a0<\/strong>Jahrgang 2006 &#8211; 2009<\/p><p><strong>\u00dcbungsleiterinnen:\u00a0<\/strong>Laura Mayle &amp; Michaela Binder<\/p>\t\t\t\t\t\t\t\t<\/div>\n\t\t\t\t<\/div>\n\t\t<div class=\"elementor-element elementor-element-0c7288e e-con-full e-flex wpr-particle-no wpr-jarallax-no wpr-parallax-no wpr-sticky-section-no wpr-equal-height-no e-con e-child\" data-id=\"0c7288e\" data-element_type=\"container\" data-e-type=\"container\">\n\t\t\t\t<div class=\"elementor-element elementor-element-c6a9d74 elementor-widget elementor-widget-image\" data-id=\"c6a9d74\" data-element_type=\"widget\" data-e-type=\"widget\" data-widget_type=\"image.default\">\n\t\t\t\t\t\t\t\t\t\t\t\t\t\t\t\t<a href=\"https:\/\/schuetzenverein-buch.de\/wp-content\/uploads\/2026\/01\/14-SVBuch_Gruppenbilder-014.jpg\" data-elementor-open-lightbox=\"yes\" data-elementor-lightbox-title=\"14 - SVBuch_Gruppenbilder-014\" data-e-action-hash=\"#elementor-action%3Aaction%3Dlightbox%26settings%3DeyJpZCI6MTc4LCJ1cmwiOiJodHRwczpcL1wvc2NodWV0emVudmVyZWluLWJ1Y2guZGVcL3dwLWNvbnRlbnRcL3VwbG9hZHNcLzIwMjZcLzAxXC8xNC1TVkJ1Y2hfR3J1cHBlbmJpbGRlci0wMTQuanBnIn0%3D\">\n\t\t\t\t\t\t\t<img decoding=\"async\" src=\"https:\/\/schuetzenverein-buch.de\/wp-content\/uploads\/elementor\/thumbs\/14-SVBuch_Gruppenbilder-014-rhaz77wg1b08liw0v4pd9beew7u9s640l8g4of7vm8.jpg\" title=\"14 &#8211; SVBuch_Gruppenbilder-014\" alt=\"14 - SVBuch_Gruppenbilder-014\" loading=\"lazy\" \/>\t\t\t\t\t\t\t\t<\/a>\n\t\t\t\t\t\t\t\t\t\t\t\t\t\t\t<\/div>\n\t\t\t\t<\/div>\n\t\t\t\t<\/div>\n\t\t\t\t<\/div>\n\t\t","protected":false},"excerpt":{"rendered":"<p>Ansprechpartnerin: Leiterin Tanzen Laura Mayle Michaela Binder tanz(at)schuetzenverein-buch.de Allgemein: Wir, die Showtanzgruppe\u00a0Dancing Queens, sind 10 tanzbegeisterte M\u00e4dels der Jahrg\u00e4nge 2006 bis 2009. Unser w\u00f6chentliches Training beginnen wir mit einem \u201eWarm up\u201c, welches aus verschiedenen Fitnesst\u00e4nzen zu aktuellen Hits, Ausdauer- und Kraft\u00fcbungen und Dehn\u00fcbungen besteht. Danach gehen wir in die Ein\u00fcbung der abwechslungsreichen Choreos unserer Showt\u00e4nze \u00fcber. Hierbei steht die Geschichte, die t\u00e4nzerisch erz\u00e4hlt und zum Ausdruck gebracht wird und die Zuschauer*innen in eine andere Welt entf\u00fchrt, im Fokus. Insbesondere in der f\u00fcnften Jahreszeit sind wir mit unserem aktuellen Showtanz auf Faschingsveranstaltungen in der Umgebung unterwegs. Aber nicht nur in dieser Jahreszeit, sondern auch im Sommer sind wir auf Vereinsveranstaltungen oder verschiedenen Showtanzb\u00fchnen in der Umgebung, wie bspw. den Wasseralfinger Festtagen oder den Reichsst\u00e4dter Tagen, vertreten. Neben dem w\u00f6chentlichen Training verbringen wir auch Zeit bei gemeinsamen Aktivit\u00e4ten. So kommen der Spa\u00df und die Geselligkeit bei verschiedenen vereinsunterst\u00fctzenden T\u00e4tigkeiten und Aktionen wie bspw. einer gruppeninternen Weihnachtsfeier oder einem Sommerfest am See nicht zu kurz. Wenn du tanzbegeistert bist, Lust auf eine Kombination aus Fitness und Tanz hast und dein K\u00f6nnen auf B\u00fchnen pr\u00e4sentieren m\u00f6chtest, dann bist du bei uns genau richtig und kannst gerne zu einem Probetraining vorbeikommen! Wir freuen uns auf dich! Trainingsinhalte: Fitness &amp; Tanz Ziele: Wir wollen unser Publikum mit abwechslungsreichen Showt\u00e4nzen begeistern. Events: Faschingsball Buch, Faschingsball Neunheim, Reichsst\u00e4dter Tage, Wasseralfinger Festtage, Muffigeltage, Ellwanger Heimattage, Vereinsveranstaltungen Trainingszeiten:\u00a0Donnerstags von 18:00 Uhr bis 19:30 Uhr Altersbereich:\u00a0Jahrgang 2006 &#8211; 2009 \u00dcbungsleiterinnen:\u00a0Laura Mayle &amp; Michaela Binder<\/p>\n","protected":false},"author":1,"featured_media":0,"parent":79,"menu_order":3,"comment_status":"closed","ping_status":"closed","template":"","meta":{"_crdt_document":"","pgc_sgb_lightbox_settings":"","ocean_post_layout":"","ocean_both_sidebars_style":"","ocean_both_sidebars_content_width":0,"ocean_both_sidebars_sidebars_width":0,"ocean_sidebar":"0","ocean_second_sidebar":"0","ocean_disable_margins":"enable","ocean_add_body_class":"","ocean_shortcode_before_top_bar":"","ocean_shortcode_after_top_bar":"","ocean_shortcode_before_header":"","ocean_shortcode_after_header":"","ocean_has_shortcode":"","ocean_shortcode_after_title":"","ocean_shortcode_before_footer_widgets":"","ocean_shortcode_after_footer_widgets":"","ocean_shortcode_before_footer_bottom":"","ocean_shortcode_after_footer_bottom":"","ocean_display_top_bar":"default","ocean_display_header":"default","ocean_header_style":"","ocean_center_header_left_menu":"0","ocean_custom_header_template":"0","ocean_custom_logo":0,"ocean_custom_retina_logo":0,"ocean_custom_logo_max_width":0,"ocean_custom_logo_tablet_max_width":0,"ocean_custom_logo_mobile_max_width":0,"ocean_custom_logo_max_height":0,"ocean_custom_logo_tablet_max_height":0,"ocean_custom_logo_mobile_max_height":0,"ocean_header_custom_menu":"0","ocean_menu_typo_font_family":"0","ocean_menu_typo_font_subset":"","ocean_menu_typo_font_size":0,"ocean_menu_typo_font_size_tablet":0,"ocean_menu_typo_font_size_mobile":0,"ocean_menu_typo_font_size_unit":"px","ocean_menu_typo_font_weight":"","ocean_menu_typo_font_weight_tablet":"","ocean_menu_typo_font_weight_mobile":"","ocean_menu_typo_transform":"","ocean_menu_typo_transform_tablet":"","ocean_menu_typo_transform_mobile":"","ocean_menu_typo_line_height":0,"ocean_menu_typo_line_height_tablet":0,"ocean_menu_typo_line_height_mobile":0,"ocean_menu_typo_line_height_unit":"","ocean_menu_typo_spacing":0,"ocean_menu_typo_spacing_tablet":0,"ocean_menu_typo_spacing_mobile":0,"ocean_menu_typo_spacing_unit":"","ocean_menu_link_color":"","ocean_menu_link_color_hover":"","ocean_menu_link_color_active":"","ocean_menu_link_background":"","ocean_menu_link_hover_background":"","ocean_menu_link_active_background":"","ocean_menu_social_links_bg":"","ocean_menu_social_hover_links_bg":"","ocean_menu_social_links_color":"","ocean_menu_social_hover_links_color":"","ocean_disable_title":"default","ocean_disable_heading":"default","ocean_post_title":"","ocean_post_subheading":"","ocean_post_title_style":"","ocean_post_title_background_color":"","ocean_post_title_background":0,"ocean_post_title_bg_image_position":"","ocean_post_title_bg_image_attachment":"","ocean_post_title_bg_image_repeat":"","ocean_post_title_bg_image_size":"","ocean_post_title_height":0,"ocean_post_title_bg_overlay":0.5,"ocean_post_title_bg_overlay_color":"","ocean_disable_breadcrumbs":"default","ocean_breadcrumbs_color":"","ocean_breadcrumbs_separator_color":"","ocean_breadcrumbs_links_color":"","ocean_breadcrumbs_links_hover_color":"","ocean_display_footer_widgets":"default","ocean_display_footer_bottom":"default","ocean_custom_footer_template":"0","footnotes":""},"class_list":["post-163","page","type-page","status-publish","hentry","entry"],"_links":{"self":[{"href":"https:\/\/schuetzenverein-buch.de\/index.php?rest_route=\/wp\/v2\/pages\/163","targetHints":{"allow":["GET"]}}],"collection":[{"href":"https:\/\/schuetzenverein-buch.de\/index.php?rest_route=\/wp\/v2\/pages"}],"about":[{"href":"https:\/\/schuetzenverein-buch.de\/index.php?rest_route=\/wp\/v2\/types\/page"}],"author":[{"embeddable":true,"href":"https:\/\/schuetzenverein-buch.de\/index.php?rest_route=\/wp\/v2\/users\/1"}],"replies":[{"embeddable":true,"href":"https:\/\/schuetzenverein-buch.de\/index.php?rest_route=%2Fwp%2Fv2%2Fcomments&post=163"}],"version-history":[{"count":0,"href":"https:\/\/schuetzenverein-buch.de\/index.php?rest_route=\/wp\/v2\/pages\/163\/revisions"}],"up":[{"embeddable":true,"href":"https:\/\/schuetzenverein-buch.de\/index.php?rest_route=\/wp\/v2\/pages\/79"}],"wp:attachment":[{"href":"https:\/\/schuetzenverein-buch.de\/index.php?rest_route=%2Fwp%2Fv2%2Fmedia&parent=163"}],"curies":[{"name":"wp","href":"https:\/\/api.w.org\/{rel}","templated":true}]}}